{"id":2141,"date":"2021-12-15T11:16:51","date_gmt":"2021-12-15T10:16:51","guid":{"rendered":"https:\/\/life-beaver.eu\/?page_id=2141"},"modified":"2021-12-30T11:17:21","modified_gmt":"2021-12-30T10:17:21","slug":"politika-privatnosti","status":"publish","type":"page","link":"https:\/\/life-beaver.eu\/hr\/politika-privatnosti\/","title":{"rendered":"Politika privatnosti"},"content":{"rendered":"\n<p><strong>POLITIKA ZASEBNOSTI<\/strong><\/p>\n\n\n\n<p>S poslanimi podatki omogo\u010dite prijavitelju projekta LIFE Beaver (LIFE Bober&nbsp; &#8211; \u017divljenje z bobrom, mokri\u0161\u010di in podnebnimi spremembami), LUTRA, In\u0161titut za ohranjanje naravne dedi\u0161\u010dine, Pot ilegalcev 17, 1210 Ljubljana \u2013 \u0160entvid (v nadaljevanju: In\u0161titut Lutra), da zbere osebne podatke. Posredovane osebne podatke bomo obdelovali v skladu s Splo\u0161no uredbo o varstvu osebnih podatkov in veljavnim Zakonom o varstvu osebnih podatkov.<\/p>\n\n\n\n<p>Koordinatorka projekta LIFE Beaver je Tatjana Gregorc, dosegljiva na elektronskem naslovu:&nbsp;info@lutra.si.<\/p>\n\n\n\n<p><strong>Namen zbiranja osebnih podatkov:\u00a0\u00a0<\/strong><\/p>\n\n\n\n<p>Z vnosom in oddajo podatkov sogla\u0161ate, da prijavitelj projekta LIFE Beaver &#8211; Lutra, In\u0161titut za ohranjanje naravne dedi\u0161\u010dine, zbere va\u0161e osebne podatke. Osebni podatki, ki jih zbiramo, so ime, priimek, naslov ter elektronski naslov.<\/p>\n\n\n\n<p>Osebne podatke posameznikov zbiramo za naslednje namene:<\/p>\n\n\n\n<ul class=\"wp-block-list\"><li>ime, priimek ter elektronski naslov za namene obve\u0161\u010danja, po\u0161iljanja e-novi\u010dk, informativnih\/izobra\u017eevalnih gradiv in obvestil o dogodkih ter za namene omogo\u010danja stika s poro\u010devalci preko aplikacije Bobrosled,&nbsp;&nbsp;&nbsp;<\/li><li>doma\u010di naslov za po\u0161iljanje informativnih\/izobra\u017eevalnih gradiv in nagrad&nbsp;<\/li><\/ul>\n\n\n\n<p><strong>Obdelava in uporaba osebnih podatkov<\/strong><\/p>\n\n\n\n<p>Osebne podatke zbiramo in uporabljamo v skladu z namenom, za katerega ste nam jih posredovali. Posredovanih osebnih podatkov ne bomo uporabili za druge namene.\u00a0\u00a0<\/p>\n\n\n\n<p><strong>Pravna podlaga:<\/strong><\/p>\n\n\n\n<p>Osebne podatke zbiramo na podlagi va\u0161ega soglasja. Svoje soglasje lahko kadarkoli prekli\u010dete oziroma spremenite. Preklic soglasja ne vpliva na zakonitost obdelave podatkov pred preklicem.<br>Soglasje lahko da eden od star\u0161ev, rejnik ali skrbnik za mladoletnega otroka, ki skladno z veljavno&nbsp; zakonodajo soglasja ne more podati sam. Tak\u0161no soglasje bo veljalo, dokler ga eden od star\u0161ev, rejnik ali skrbnik oziroma otrok sam, ko skladno z veljavno zakonodajo to pravico pridobi, ne prekli\u010de ali spremeni.&nbsp;&nbsp;&nbsp;&nbsp;&nbsp;<\/p>\n\n\n\n<p><strong>Shranjevanje podatkov:<\/strong><\/p>\n\n\n\n<p>Osebne podatke, ki ste nam jih posredovali, hranimo do preklica.<\/p>\n\n\n\n<p><strong>Posredovanje osebnih podatkov:<\/strong><\/p>\n\n\n\n<p>Osebnih podatkov ne bomo posredovali tretjim osebam in jih ne bomo javno razkrili, razen pogodbenim partnerjem, ki jih prav tako zavezuje Splo\u0161na uredba o varstvu osebnih podatkov. Osebnih podatkov ne bomo posredovali v tretjo dr\u017eavo ali organizacijo.<\/p>\n\n\n\n<p><strong>Va\u0161e pravice:\u00a0\u00a0\u00a0\u00a0<\/strong><\/p>\n\n\n\n<p>V skladu s Splo\u0161no uredbo o varstvu osebnih podatkov imate pravico do dostopa do podatkov, ki se nana\u0161ajo na vas, pravico do popravka podatkov, pravico do omejitve obdelave, pravico do izbrisa podatkov ter pravico do prenosljivosti podatkov. Prav tako imate v primeru spora pri In\u0161titutu Lutra pravico do vlo\u017eitve ugovora v zvezi z obdelavo osebnih podatkov (\u010de ta temelji na zakonitih interesih, za katere si prizadeva In\u0161titut Lutra).<\/p>\n\n\n\n<p>Vsak posameznik, na katerega se nana\u0161ajo osebni podatki, ima pravico, da vlo\u017ei prito\u017ebo neposredno pri informacijskemu poobla\u0161\u010dencu, \u010de meni, da obdelava osebnih podatkov v zvezi z njim kr\u0161i slovenske predpise ali predpise EU na podro\u010dju varstva osebnih podatkov. \u010ce je posameznik pri podjetju uveljavljal pravico do dostopa do podatkov in po prejeti odlo\u010ditvi In\u0161tituta Lutra meni, da osebni podatki, ki jih je prejel, niso osebni podatki, ki jih je zahteval, ali da ni prejel vseh zahtevanih osebnih podatkov, lahko pred vlo\u017eitvijo prito\u017ebe informacijskemu poobla\u0161\u010dencu vlo\u017ei obrazlo\u017eeno prito\u017ebo na In\u0161titut Lutra v roku 15 dni. In\u0161titut Lutra mora o prito\u017ebi odlo\u010diti kot o novi zahtevi v petih delovnih dneh.&nbsp;&nbsp;&nbsp;&nbsp;&nbsp;&nbsp;&nbsp;<\/p>\n\n\n\n<p>Katerokoli pravico po Splo\u0161ni uredbi o varstvu osebnih podatkov lahko kadarkoli pisno uveljavljate. Pri tem navedite ime, priimek ter elektronski naslov. Svojo zahtevo nam lahko po\u0161ljete na elektronski naslov:&nbsp;<a href=\"mailto:info@lutra.si\">info@lutra.si<\/a>&nbsp;ali po po\u0161ti na naslov:<\/p>\n\n\n\n<p>Lutra, In\u0161titut za ohranjanje naravne dedi\u0161\u010dine (LIFE Beaver)<br>Pot ilegalcev 17<br>1210 Ljubljana-\u0160entvid<\/p>\n\n\n\n<p>Kadar obstaja upravi\u010den dvom v zvezi z identiteto posameznika, ki predlo\u017ei zahtevo v zvezi s katero od njegovih pravic, lahko In\u0161titut Lutra zahteva zagotovitev dodatnih informacij, ki so potrebne za potrditev identitete posameznika, na katerega se nana\u0161ajo osebni podatki. \u010ce so zahteve posameznika, na katerega se nana\u0161ajo osebni podatki, o\u010ditno neutemeljene ali pretirane, zlasti ker se ponavljajo, lahko In\u0161titut Lutra zara\u010duna razumno pristojbino, pri \u010demer upo\u0161teva administrativne stro\u0161ke posredovanja informacij ali sporo\u010dila ali izvajanja zahtevanega ukrepa, ali zavrne ukrepanje v zvezi z zahtevo.<\/p>\n\n\n\n<p><strong>Veljavnost politike\u00a0<\/strong><\/p>\n\n\n\n<p>Ta politika je objavljena na spletni strani <a href=\"https:\/\/life-beaver.eu\">https:\/\/life-beaver.eu<\/a> in za\u010dne veljati z dnem 10.03.2021.<\/p>\n","protected":false},"excerpt":{"rendered":"<p>POLITIKA ZASEBNOSTI S poslanimi podatki omogo\u010dite prijavitelju projekta LIFE Beaver (LIFE Bober&nbsp; &#8211; \u017divljenje z bobrom, mokri\u0161\u010di in podnebnimi spremembami), LUTRA, In\u0161titut za ohranjanje naravne dedi\u0161\u010dine, Pot ilegalcev 17, 1210 Ljubljana \u2013 \u0160entvid&hellip;<\/p>\n","protected":false},"author":1,"featured_media":0,"parent":0,"menu_order":0,"comment_status":"closed","ping_status":"closed","template":"","meta":{"footnotes":""},"class_list":["post-2141","page","type-page","status-publish","hentry"],"_links":{"self":[{"href":"https:\/\/life-beaver.eu\/hr\/wp-json\/wp\/v2\/pages\/2141","targetHints":{"allow":["GET"]}}],"collection":[{"href":"https:\/\/life-beaver.eu\/hr\/wp-json\/wp\/v2\/pages"}],"about":[{"href":"https:\/\/life-beaver.eu\/hr\/wp-json\/wp\/v2\/types\/page"}],"author":[{"embeddable":true,"href":"https:\/\/life-beaver.eu\/hr\/wp-json\/wp\/v2\/users\/1"}],"replies":[{"embeddable":true,"href":"https:\/\/life-beaver.eu\/hr\/wp-json\/wp\/v2\/comments?post=2141"}],"version-history":[{"count":4,"href":"https:\/\/life-beaver.eu\/hr\/wp-json\/wp\/v2\/pages\/2141\/revisions"}],"predecessor-version":[{"id":2220,"href":"https:\/\/life-beaver.eu\/hr\/wp-json\/wp\/v2\/pages\/2141\/revisions\/2220"}],"wp:attachment":[{"href":"https:\/\/life-beaver.eu\/hr\/wp-json\/wp\/v2\/media?parent=2141"}],"curies":[{"name":"wp","href":"https:\/\/api.w.org\/{rel}","templated":true}]}}