{"id":10631,"date":"2024-12-13T08:30:06","date_gmt":"2024-12-13T07:30:06","guid":{"rendered":"https:\/\/life-beaver.eu\/?page_id=10631"},"modified":"2025-03-24T13:34:37","modified_gmt":"2025-03-24T12:34:37","slug":"za-djecu","status":"publish","type":"page","link":"https:\/\/life-beaver.eu\/hr\/rezultati\/za-djecu\/","title":{"rendered":"ZA DJECU"},"content":{"rendered":"\n<h3 class=\"wp-block-heading\">EDUKATIVNA KNJI\u017dNICA O DABRU ZA DJECU<\/h3>\n\n\n\n<p>Pripremili smo \u0161arenu pou\u010dnu knji\u017eicu sa zadacima za djecu:<\/p>\n\n\n\n<div data-wp-interactive=\"core\/file\" class=\"wp-block-file\"><object data-wp-bind--hidden=\"!state.hasPdfPreview\" hidden class=\"wp-block-file__embed\" data=\"https:\/\/life-beaver.eu\/wp-content\/uploads\/2025\/03\/edukativna-knjizica-o-dabru-za-djecu_Muzej-Ivanic-grada_marec-2025.pdf\" type=\"application\/pdf\" style=\"width:100%;height:600px\" aria-label=\"Ugra\u0111eno edukativna knji\u017eica o dabru za djecu_Muzej Ivanic\u0301-grada_marec 2025.\"><\/object><a id=\"wp-block-file--media-3f3f39d1-8768-432e-a777-9aea81e16452\" href=\"https:\/\/life-beaver.eu\/wp-content\/uploads\/2025\/03\/edukativna-knjizica-o-dabru-za-djecu_Muzej-Ivanic-grada_marec-2025.pdf\">edukativna knji\u017eica o dabru za djecu_Muzej Ivanic\u0301-grada_marec 2025<\/a><a href=\"https:\/\/life-beaver.eu\/wp-content\/uploads\/2025\/03\/edukativna-knjizica-o-dabru-za-djecu_Muzej-Ivanic-grada_marec-2025.pdf\" class=\"wp-block-file__button wp-element-button\" download aria-describedby=\"wp-block-file--media-3f3f39d1-8768-432e-a777-9aea81e16452\">Download<\/a><\/div>\n\n\n\n<h3 class=\"wp-block-heading\">INTERAKTIVNA ONLINE BOJANKA<\/h3>\n\n\n\n<p>Na <a href=\"https:\/\/life-beaver.eu\/bojanka\/index.html\" target=\"_blank\" rel=\"noreferrer noopener\">ovom linku<\/a> mo\u017eete birati motive i bojati ih online. Svaka slika je popra\u0107ena kratkim, informativnim opisom. U gornjem desnom dijelu mo\u017eete odabrati jezik (hrvatski, engleski, slovenski ili njema\u010dki).<\/p>\n\n\n\n<figure class=\"wp-block-image size-full\"><a href=\"https:\/\/life-beaver.eu\/bojanka\/index.html\" target=\"_blank\" rel=\" noreferrer noopener\"><img fetchpriority=\"high\" decoding=\"async\" width=\"885\" height=\"1000\" src=\"https:\/\/life-beaver.eu\/wp-content\/uploads\/2025\/02\/bojanka.png\" alt=\"\" class=\"wp-image-11249\" srcset=\"https:\/\/life-beaver.eu\/wp-content\/uploads\/2025\/02\/bojanka.png 885w, https:\/\/life-beaver.eu\/wp-content\/uploads\/2025\/02\/bojanka-266x300.png 266w, https:\/\/life-beaver.eu\/wp-content\/uploads\/2025\/02\/bojanka-768x868.png 768w, https:\/\/life-beaver.eu\/wp-content\/uploads\/2025\/02\/bojanka-370x418.png 370w, https:\/\/life-beaver.eu\/wp-content\/uploads\/2025\/02\/bojanka-770x870.png 770w\" sizes=\"(max-width: 885px) 100vw, 885px\" \/><\/a><\/figure>\n\n\n\n<h3 class=\"wp-block-heading\">BRO\u0160URA ZA \u0160KOLE (NA HRVATSKOM JEZIKU)<\/h3>\n\n\n\n<div data-wp-interactive=\"core\/file\" class=\"wp-block-file\"><object data-wp-bind--hidden=\"!state.hasPdfPreview\" hidden class=\"wp-block-file__embed\" data=\"https:\/\/life-beaver.eu\/wp-content\/uploads\/2024\/10\/brochure-about-the-beaver-and-wetlands-for-schools_Muzej_04102024.pdf\" type=\"application\/pdf\" style=\"width:100%;height:600px\" aria-label=\"Ugra\u0111eno brochure about the beaver and wetlands for schools_Muzej_04102024.\"><\/object><a id=\"wp-block-file--media-91498e6c-81d8-4abb-918e-3559abcbb132\" href=\"https:\/\/life-beaver.eu\/wp-content\/uploads\/2024\/10\/brochure-about-the-beaver-and-wetlands-for-schools_Muzej_04102024.pdf\">brochure about the beaver and wetlands for schools_Muzej_04102024<\/a><a href=\"https:\/\/life-beaver.eu\/wp-content\/uploads\/2024\/10\/brochure-about-the-beaver-and-wetlands-for-schools_Muzej_04102024.pdf\" class=\"wp-block-file__button wp-element-button\" download aria-describedby=\"wp-block-file--media-91498e6c-81d8-4abb-918e-3559abcbb132\">Download<\/a><\/div>\n\n\n\n<p><\/p>\n\n\n\n<h3 class=\"wp-block-heading\">BOJANKA DABAR (NA HRVATSKOM JEZIKU)<\/h3>\n\n\n\n<div data-wp-interactive=\"core\/file\" class=\"wp-block-file\"><object data-wp-bind--hidden=\"!state.hasPdfPreview\" hidden class=\"wp-block-file__embed\" data=\"https:\/\/life-beaver.eu\/wp-content\/uploads\/2023\/07\/Pobarvanka_Dabar-i-vlazna-stanista_HR.pdf\" type=\"application\/pdf\" style=\"width:100%;height:600px\" aria-label=\"Ugra\u0111eno Pobarvanka_Dabar i vlazna stanista_HR.\"><\/object><a id=\"wp-block-file--media-73ce2f63-50ae-4750-afd7-648fe5329996\" href=\"https:\/\/life-beaver.eu\/wp-content\/uploads\/2023\/07\/Pobarvanka_Dabar-i-vlazna-stanista_HR.pdf\">Pobarvanka_Dabar i vlazna stanista_HR<\/a><a href=\"https:\/\/life-beaver.eu\/wp-content\/uploads\/2023\/07\/Pobarvanka_Dabar-i-vlazna-stanista_HR.pdf\" class=\"wp-block-file__button wp-element-button\" download aria-describedby=\"wp-block-file--media-73ce2f63-50ae-4750-afd7-648fe5329996\">Download<\/a><\/div>\n\n\n\n<p><\/p>\n\n\n\n<h3 class=\"wp-block-heading\">Radni listovi za \u0161kolsku i pred\u0161kolsku djecu (NA SLOVENSKOM JEZIKU)<\/h3>\n\n\n\n<h5 class=\"wp-block-heading\">Radni listovi za osnovnu \u0161kolu<\/h5>\n\n\n\n<h6 class=\"wp-block-heading\">1. &#8211; 3. razred<\/h6>\n\n\n\n<div data-wp-interactive=\"core\/file\" class=\"wp-block-file\"><object data-wp-bind--hidden=\"!state.hasPdfPreview\" hidden class=\"wp-block-file__embed\" data=\"https:\/\/life-beaver.eu\/wp-content\/uploads\/2024\/10\/delovni-list_1._triada_bobrovi_sledovi_LIFE-BEAVER.pdf\" type=\"application\/pdf\" style=\"width:100%;height:600px\" aria-label=\"Ugra\u0111eno delovni list_1._triada_bobrovi_sledovi_LIFE BEAVER.\"><\/object><a id=\"wp-block-file--media-c9969743-e0ce-45ef-baf7-e9741684f512\" href=\"https:\/\/life-beaver.eu\/wp-content\/uploads\/2024\/10\/delovni-list_1._triada_bobrovi_sledovi_LIFE-BEAVER.pdf\">delovni list_1._triada_bobrovi_sledovi_LIFE BEAVER<\/a><a href=\"https:\/\/life-beaver.eu\/wp-content\/uploads\/2024\/10\/delovni-list_1._triada_bobrovi_sledovi_LIFE-BEAVER.pdf\" class=\"wp-block-file__button wp-element-button\" download aria-describedby=\"wp-block-file--media-c9969743-e0ce-45ef-baf7-e9741684f512\">Download<\/a><\/div>\n\n\n\n<p><\/p>\n\n\n\n<h6 class=\"wp-block-heading\">1. &#8211; 6. razred<\/h6>\n\n\n\n<div data-wp-interactive=\"core\/file\" class=\"wp-block-file\"><object data-wp-bind--hidden=\"!state.hasPdfPreview\" hidden class=\"wp-block-file__embed\" data=\"https:\/\/life-beaver.eu\/wp-content\/uploads\/2024\/10\/delovni-list_1._in_2._triada_besede_LIFE-BEAVER.pdf\" type=\"application\/pdf\" style=\"width:100%;height:600px\" aria-label=\"Ugra\u0111eno delovni list_1._in_2._triada_besede_LIFE BEAVER.\"><\/object><a id=\"wp-block-file--media-e33f09d2-ebc1-4b20-bd7f-6d0ab4a52dec\" href=\"https:\/\/life-beaver.eu\/wp-content\/uploads\/2024\/10\/delovni-list_1._in_2._triada_besede_LIFE-BEAVER.pdf\">delovni list_1._in_2._triada_besede_LIFE BEAVER<\/a><a href=\"https:\/\/life-beaver.eu\/wp-content\/uploads\/2024\/10\/delovni-list_1._in_2._triada_besede_LIFE-BEAVER.pdf\" class=\"wp-block-file__button wp-element-button\" download aria-describedby=\"wp-block-file--media-e33f09d2-ebc1-4b20-bd7f-6d0ab4a52dec\">Download<\/a><\/div>\n\n\n\n<p><\/p>\n\n\n\n<h6 class=\"wp-block-heading\">4. &#8211; 9. razred<\/h6>\n\n\n\n<div data-wp-interactive=\"core\/file\" class=\"wp-block-file\"><object data-wp-bind--hidden=\"!state.hasPdfPreview\" hidden class=\"wp-block-file__embed\" data=\"https:\/\/life-beaver.eu\/wp-content\/uploads\/2024\/10\/delovni-list_2._in_3._triada_bober_inzenir_LIFE-BEAVER.pdf\" type=\"application\/pdf\" style=\"width:100%;height:600px\" aria-label=\"Ugra\u0111eno delovni list_2._in_3._triada_bober_inzenir_LIFE BEAVER.\"><\/object><a id=\"wp-block-file--media-e73d893e-ddf7-441c-823e-213e8e901fd2\" href=\"https:\/\/life-beaver.eu\/wp-content\/uploads\/2024\/10\/delovni-list_2._in_3._triada_bober_inzenir_LIFE-BEAVER.pdf\">delovni list_2._in_3._triada_bober_inzenir_LIFE BEAVER<\/a><a href=\"https:\/\/life-beaver.eu\/wp-content\/uploads\/2024\/10\/delovni-list_2._in_3._triada_bober_inzenir_LIFE-BEAVER.pdf\" class=\"wp-block-file__button wp-element-button\" download aria-describedby=\"wp-block-file--media-e73d893e-ddf7-441c-823e-213e8e901fd2\">Download<\/a><\/div>\n\n\n\n<p><\/p>\n\n\n\n<div data-wp-interactive=\"core\/file\" class=\"wp-block-file\"><object data-wp-bind--hidden=\"!state.hasPdfPreview\" hidden class=\"wp-block-file__embed\" data=\"https:\/\/life-beaver.eu\/wp-content\/uploads\/2024\/10\/delovni-list_2._in_3._triada_glodavci_LIFE_BEAVER.pdf\" type=\"application\/pdf\" style=\"width:100%;height:600px\" aria-label=\"Ugra\u0111eno delovni list_2._in_3._triada_glodavci_LIFE_BEAVER.\"><\/object><a id=\"wp-block-file--media-829bdac6-c205-4474-893c-2d6e0121f215\" href=\"https:\/\/life-beaver.eu\/wp-content\/uploads\/2024\/10\/delovni-list_2._in_3._triada_glodavci_LIFE_BEAVER.pdf\">delovni list_2._in_3._triada_glodavci_LIFE_BEAVER<\/a><a href=\"https:\/\/life-beaver.eu\/wp-content\/uploads\/2024\/10\/delovni-list_2._in_3._triada_glodavci_LIFE_BEAVER.pdf\" class=\"wp-block-file__button wp-element-button\" download aria-describedby=\"wp-block-file--media-829bdac6-c205-4474-893c-2d6e0121f215\">Download<\/a><\/div>\n\n\n\n<p><\/p>\n\n\n\n<div data-wp-interactive=\"core\/file\" class=\"wp-block-file\"><object data-wp-bind--hidden=\"!state.hasPdfPreview\" hidden class=\"wp-block-file__embed\" data=\"https:\/\/life-beaver.eu\/wp-content\/uploads\/2024\/10\/delovni-list_2._in_3._triada_labirint_LIFE-BEAVER.pdf\" type=\"application\/pdf\" style=\"width:100%;height:600px\" aria-label=\"Ugra\u0111eno delovni list_2._in_3._triada_labirint_LIFE BEAVER.\"><\/object><a id=\"wp-block-file--media-c21199c2-2156-489b-afed-847443a7fd1b\" href=\"https:\/\/life-beaver.eu\/wp-content\/uploads\/2024\/10\/delovni-list_2._in_3._triada_labirint_LIFE-BEAVER.pdf\">delovni list_2._in_3._triada_labirint_LIFE BEAVER<\/a><a href=\"https:\/\/life-beaver.eu\/wp-content\/uploads\/2024\/10\/delovni-list_2._in_3._triada_labirint_LIFE-BEAVER.pdf\" class=\"wp-block-file__button wp-element-button\" download aria-describedby=\"wp-block-file--media-c21199c2-2156-489b-afed-847443a7fd1b\">Download<\/a><\/div>\n\n\n\n<p><\/p>\n\n\n\n<div data-wp-interactive=\"core\/file\" class=\"wp-block-file\"><object data-wp-bind--hidden=\"!state.hasPdfPreview\" hidden class=\"wp-block-file__embed\" data=\"https:\/\/life-beaver.eu\/wp-content\/uploads\/2024\/10\/delovni-list_2._in_3._triada_slovarcek_LIFE_BEAVER.pdf\" type=\"application\/pdf\" style=\"width:100%;height:600px\" aria-label=\"Ugra\u0111eno delovni list_2._in_3._triada_slovarcek_LIFE_BEAVER.\"><\/object><a id=\"wp-block-file--media-273ab652-d21c-407d-ac17-daabad240b7d\" href=\"https:\/\/life-beaver.eu\/wp-content\/uploads\/2024\/10\/delovni-list_2._in_3._triada_slovarcek_LIFE_BEAVER.pdf\">delovni list_2._in_3._triada_slovarcek_LIFE_BEAVER<\/a><a href=\"https:\/\/life-beaver.eu\/wp-content\/uploads\/2024\/10\/delovni-list_2._in_3._triada_slovarcek_LIFE_BEAVER.pdf\" class=\"wp-block-file__button wp-element-button\" download aria-describedby=\"wp-block-file--media-273ab652-d21c-407d-ac17-daabad240b7d\">Download<\/a><\/div>\n\n\n\n<p><\/p>\n\n\n\n<h5 class=\"wp-block-heading\">Pred\u0161kolska djeca<\/h5>\n\n\n\n<div data-wp-interactive=\"core\/file\" class=\"wp-block-file\"><object data-wp-bind--hidden=\"!state.hasPdfPreview\" hidden class=\"wp-block-file__embed\" data=\"https:\/\/life-beaver.eu\/wp-content\/uploads\/2024\/10\/delovni-list_labirint_predsolski_otroci_LIFE_BEAVER.pdf\" type=\"application\/pdf\" style=\"width:100%;height:600px\" aria-label=\"Ugra\u0111eno delovni list_labirint_predsolski_otroci_LIFE_BEAVER.\"><\/object><a id=\"wp-block-file--media-e9c9692b-bdeb-4d72-8423-58b10ceaea71\" href=\"https:\/\/life-beaver.eu\/wp-content\/uploads\/2024\/10\/delovni-list_labirint_predsolski_otroci_LIFE_BEAVER.pdf\">delovni list_labirint_predsolski_otroci_LIFE_BEAVER<\/a><a href=\"https:\/\/life-beaver.eu\/wp-content\/uploads\/2024\/10\/delovni-list_labirint_predsolski_otroci_LIFE_BEAVER.pdf\" class=\"wp-block-file__button wp-element-button\" download aria-describedby=\"wp-block-file--media-e9c9692b-bdeb-4d72-8423-58b10ceaea71\">Download<\/a><\/div>\n\n\n\n<p><\/p>\n\n\n\n<div data-wp-interactive=\"core\/file\" class=\"wp-block-file\"><object data-wp-bind--hidden=\"!state.hasPdfPreview\" hidden class=\"wp-block-file__embed\" data=\"https:\/\/life-beaver.eu\/wp-content\/uploads\/2024\/10\/delovni-list_pobarvanka_predsolski_otroci_LIFE_BEAVER.pdf\" type=\"application\/pdf\" style=\"width:100%;height:600px\" aria-label=\"Ugra\u0111eno delovni list_pobarvanka_predsolski_otroci_LIFE_BEAVER.\"><\/object><a id=\"wp-block-file--media-94172306-8764-40bb-8a2a-7d4b69a65802\" href=\"https:\/\/life-beaver.eu\/wp-content\/uploads\/2024\/10\/delovni-list_pobarvanka_predsolski_otroci_LIFE_BEAVER.pdf\">delovni list_pobarvanka_predsolski_otroci_LIFE_BEAVER<\/a><a href=\"https:\/\/life-beaver.eu\/wp-content\/uploads\/2024\/10\/delovni-list_pobarvanka_predsolski_otroci_LIFE_BEAVER.pdf\" class=\"wp-block-file__button wp-element-button\" download aria-describedby=\"wp-block-file--media-94172306-8764-40bb-8a2a-7d4b69a65802\">Download<\/a><\/div>\n\n\n\n<p><\/p>\n\n\n\n<div data-wp-interactive=\"core\/file\" class=\"wp-block-file\"><object data-wp-bind--hidden=\"!state.hasPdfPreview\" hidden class=\"wp-block-file__embed\" data=\"https:\/\/life-beaver.eu\/wp-content\/uploads\/2024\/10\/delovni-list_povezovanje_predsolski_otroci_LIFE_BEAVER.pdf\" type=\"application\/pdf\" style=\"width:100%;height:600px\" aria-label=\"Ugra\u0111eno delovni list_povezovanje_predsolski_otroci_LIFE_BEAVER.\"><\/object><a id=\"wp-block-file--media-9afcc1e6-562c-467d-8988-1a2f0774101c\" href=\"https:\/\/life-beaver.eu\/wp-content\/uploads\/2024\/10\/delovni-list_povezovanje_predsolski_otroci_LIFE_BEAVER.pdf\">delovni list_povezovanje_predsolski_otroci_LIFE_BEAVER<\/a><a href=\"https:\/\/life-beaver.eu\/wp-content\/uploads\/2024\/10\/delovni-list_povezovanje_predsolski_otroci_LIFE_BEAVER.pdf\" class=\"wp-block-file__button wp-element-button\" download aria-describedby=\"wp-block-file--media-9afcc1e6-562c-467d-8988-1a2f0774101c\">Download<\/a><\/div>\n\n\n\n<p><\/p>\n\n\n\n<h3 class=\"wp-block-heading\">PLAKAT ZA \u0160KOLE (NA HRVATSKOM JEZIKU)<\/h3>\n\n\n\n<div data-wp-interactive=\"core\/file\" class=\"wp-block-file\"><object data-wp-bind--hidden=\"!state.hasPdfPreview\" hidden class=\"wp-block-file__embed\" data=\"https:\/\/life-beaver.eu\/wp-content\/uploads\/2023\/07\/10.1.7_B1.1_Beaver-Poster-for-Schools.pdf\" type=\"application\/pdf\" style=\"width:100%;height:600px\" aria-label=\"Ugra\u0111eno 10.1.7_B1.1_Beaver Poster for Schools.\"><\/object><a id=\"wp-block-file--media-9b45dce5-50d3-48d1-9207-b2ae73575196\" href=\"https:\/\/life-beaver.eu\/wp-content\/uploads\/2023\/07\/10.1.7_B1.1_Beaver-Poster-for-Schools.pdf\">10.1.7_B1.1_Beaver Poster for Schools<\/a><a href=\"https:\/\/life-beaver.eu\/wp-content\/uploads\/2023\/07\/10.1.7_B1.1_Beaver-Poster-for-Schools.pdf\" class=\"wp-block-file__button wp-element-button\" download aria-describedby=\"wp-block-file--media-9b45dce5-50d3-48d1-9207-b2ae73575196\">Download<\/a><\/div>\n","protected":false},"excerpt":{"rendered":"<p>EDUKATIVNA KNJI\u017dNICA O DABRU ZA DJECU Pripremili smo \u0161arenu pou\u010dnu knji\u017eicu sa zadacima za djecu: INTERAKTIVNA ONLINE BOJANKA Na ovom linku mo\u017eete birati motive i bojati ih online. Svaka slika je popra\u0107ena kratkim,&hellip;<\/p>\n","protected":false},"author":5,"featured_media":0,"parent":1433,"menu_order":5,"comment_status":"closed","ping_status":"closed","template":"","meta":{"footnotes":""},"class_list":["post-10631","page","type-page","status-publish","hentry"],"_links":{"self":[{"href":"https:\/\/life-beaver.eu\/hr\/wp-json\/wp\/v2\/pages\/10631","targetHints":{"allow":["GET"]}}],"collection":[{"href":"https:\/\/life-beaver.eu\/hr\/wp-json\/wp\/v2\/pages"}],"about":[{"href":"https:\/\/life-beaver.eu\/hr\/wp-json\/wp\/v2\/types\/page"}],"author":[{"embeddable":true,"href":"https:\/\/life-beaver.eu\/hr\/wp-json\/wp\/v2\/users\/5"}],"replies":[{"embeddable":true,"href":"https:\/\/life-beaver.eu\/hr\/wp-json\/wp\/v2\/comments?post=10631"}],"version-history":[{"count":4,"href":"https:\/\/life-beaver.eu\/hr\/wp-json\/wp\/v2\/pages\/10631\/revisions"}],"predecessor-version":[{"id":11628,"href":"https:\/\/life-beaver.eu\/hr\/wp-json\/wp\/v2\/pages\/10631\/revisions\/11628"}],"up":[{"embeddable":true,"href":"https:\/\/life-beaver.eu\/hr\/wp-json\/wp\/v2\/pages\/1433"}],"wp:attachment":[{"href":"https:\/\/life-beaver.eu\/hr\/wp-json\/wp\/v2\/media?parent=10631"}],"curies":[{"name":"wp","href":"https:\/\/api.w.org\/{rel}","templated":true}]}}