{"id":10487,"date":"2024-12-13T08:32:31","date_gmt":"2024-12-13T07:32:31","guid":{"rendered":"https:\/\/life-beaver.eu\/?page_id=10487"},"modified":"2025-02-04T10:22:04","modified_gmt":"2025-02-04T09:22:04","slug":"dogadanja","status":"publish","type":"page","link":"https:\/\/life-beaver.eu\/hr\/rezultati\/dogadanja\/","title":{"rendered":"DOGA\u0110ANJA"},"content":{"rendered":"\n<h3 class=\"wp-block-heading\">IZLO\u017dBA I PREDAVANJE O DABRU U JARENINI (SLO)<\/h3>\n\n\n\n<p>Pozivamo Vas da posjetite izlo\u017ebu dabrova koja \u0107e se odr\u017eati u Muzejskoj dvorani u Jarenini od 31. sije\u010dnja do 16. velja\u010de 2025.!<\/p>\n\n\n\n<p>Na istoj lokaciji 10. velja\u010de u 17.15 sati odr\u017eat \u0107e se i predavanje o dabrovima &#8211; s vama \u0107e biti na\u0161a kolegica i poznavateljica ove vrste Martina Vida. Na njemu \u0107e se, izme\u0111u ostalog, predstaviti uloga dabra u okoli\u0161u te primjeri dobre prakse za\u0161tite od \u0161teta.<\/p>\n\n\n\n<p>Dobrodo\u0161li!<\/p>\n\n\n\n<figure class=\"wp-block-image size-large\"><img fetchpriority=\"high\" decoding=\"async\" width=\"1024\" height=\"488\" src=\"https:\/\/life-beaver.eu\/wp-content\/uploads\/2025\/02\/Predavanje-Lutra-v-Jarenini-002-1-1024x488.jpg\" alt=\"\" class=\"wp-image-11167\" srcset=\"https:\/\/life-beaver.eu\/wp-content\/uploads\/2025\/02\/Predavanje-Lutra-v-Jarenini-002-1-1024x488.jpg 1024w, https:\/\/life-beaver.eu\/wp-content\/uploads\/2025\/02\/Predavanje-Lutra-v-Jarenini-002-1-300x143.jpg 300w, https:\/\/life-beaver.eu\/wp-content\/uploads\/2025\/02\/Predavanje-Lutra-v-Jarenini-002-1-768x366.jpg 768w, https:\/\/life-beaver.eu\/wp-content\/uploads\/2025\/02\/Predavanje-Lutra-v-Jarenini-002-1-1536x731.jpg 1536w, https:\/\/life-beaver.eu\/wp-content\/uploads\/2025\/02\/Predavanje-Lutra-v-Jarenini-002-1-2048x975.jpg 2048w, https:\/\/life-beaver.eu\/wp-content\/uploads\/2025\/02\/Predavanje-Lutra-v-Jarenini-002-1-370x176.jpg 370w, https:\/\/life-beaver.eu\/wp-content\/uploads\/2025\/02\/Predavanje-Lutra-v-Jarenini-002-1-770x367.jpg 770w, https:\/\/life-beaver.eu\/wp-content\/uploads\/2025\/02\/Predavanje-Lutra-v-Jarenini-002-1-1170x557.jpg 1170w\" sizes=\"(max-width: 1024px) 100vw, 1024px\" \/><\/figure>\n\n\n\n<h3 class=\"wp-block-heading\">IZLO\u017dBA I PREDAVANJE O DABRU U OP\u0106OJ KNJI\u017dNICI LJUTOMER (SLO)<\/h3>\n\n\n\n<p>Pozivamo vas da posjetite zanimljivu i pou\u010dnu izlo\u017ebu o dabru, njegovom \u017eivotu, povijesti ove vrste u na\u0161oj zemlji, utjecaju na okoli\u0161 i jo\u0161 mnogo toga.<\/p>\n\n\n\n<p>U sklopu izlo\u017ebe izlo\u017eeni su i &#8220;artifakti&#8221; dabra (mljevena debla i grane) i razni drugi materijali (dabrovo krzno koje mo\u017eete opipati, dabrova lubanja, otisci \u0161apa, a mo\u017eete i pomirisati poseban izlu\u010devine dabrovih \u017elijezda &#8211; t.z. &#8220;castoreum&#8221;).<\/p>\n\n\n\n<p>Izlo\u017eba \u0107e biti postavljena do 31. sije\u010dnja 2025. godine na Odjelu za mlade Op\u0107e knji\u017enice Ljutomer.<\/p>\n\n\n\n<p>Dobrodo\u0161li! \ud83d\ude42<\/p>\n\n\n<div class=\"wp-block-image\">\n<figure class=\"aligncenter size-large is-resized\"><img decoding=\"async\" width=\"1024\" height=\"768\" src=\"https:\/\/life-beaver.eu\/wp-content\/uploads\/2025\/02\/IMG_4019-1024x768.jpg\" alt=\"\" class=\"wp-image-11170\" style=\"width:568px;height:auto\" srcset=\"https:\/\/life-beaver.eu\/wp-content\/uploads\/2025\/02\/IMG_4019-1024x768.jpg 1024w, https:\/\/life-beaver.eu\/wp-content\/uploads\/2025\/02\/IMG_4019-300x225.jpg 300w, https:\/\/life-beaver.eu\/wp-content\/uploads\/2025\/02\/IMG_4019-768x576.jpg 768w, https:\/\/life-beaver.eu\/wp-content\/uploads\/2025\/02\/IMG_4019-1536x1152.jpg 1536w, https:\/\/life-beaver.eu\/wp-content\/uploads\/2025\/02\/IMG_4019-2048x1536.jpg 2048w, https:\/\/life-beaver.eu\/wp-content\/uploads\/2025\/02\/IMG_4019-370x278.jpg 370w, https:\/\/life-beaver.eu\/wp-content\/uploads\/2025\/02\/IMG_4019-770x578.jpg 770w, https:\/\/life-beaver.eu\/wp-content\/uploads\/2025\/02\/IMG_4019-1170x878.jpg 1170w\" sizes=\"(max-width: 1024px) 100vw, 1024px\" \/><\/figure>\n<\/div>\n\n\n<h3 class=\"wp-block-heading\">IZLO\u017dBA DABRA U MUZEJU IVANI\u0106-GRADA (HR)<\/h3>\n\n\n\n<p>Pozivamo vas da posjetite izlo\u017ebu \u201eDabar i vla\u017ena stani\u0161ta\u201c koju su pripremili partneri projekta LIFE BEAVER, suradnici iz Muzeja Ivani\u0107-Grada! Osnovne karakteristike (biologija i ekologija) vrste i njezin utjecaj na okoli\u0161 i \u010dovjeka predstavljene su na panoima u boji, a najmla\u0111i o dabrovima mogu u\u010diti kroz puzzle, igra\u010dke i bojanku o dabrovima (dostupna je i na na\u0161oj web stranici pod karticom Rezultati &#8211; Za djecu).<\/p>\n\n\n\n<p>Posjetitelji mogu opipati i dabrovo krzno, lubanju, otisak \u0161ape te izbliza razgledati oglodane grane.<\/p>\n\n\n\n<p>Pozivamo vas da posjetite izlo\u017ebu, Muzej i ugodni gradi\u0107 Ivani\u0107-Grad koji je od glavnog grada Hrvatske udaljen svega 40 km. Dabrovi su prvi put nakon istrebljenja pu\u0161teni u prirodu 1996. godine u \u0161umi \u017dutica u neposrednoj blizini Ivani\u0107a.<\/p>\n\n\n<div class=\"wp-block-image\">\n<figure class=\"aligncenter size-large is-resized\"><img decoding=\"async\" width=\"1024\" height=\"768\" src=\"https:\/\/life-beaver.eu\/wp-content\/uploads\/2024\/06\/IMG_29531-1024x768.jpg\" alt=\"\" class=\"wp-image-10208\" style=\"width:661px;height:auto\" srcset=\"https:\/\/life-beaver.eu\/wp-content\/uploads\/2024\/06\/IMG_29531-1024x768.jpg 1024w, https:\/\/life-beaver.eu\/wp-content\/uploads\/2024\/06\/IMG_29531-300x225.jpg 300w, https:\/\/life-beaver.eu\/wp-content\/uploads\/2024\/06\/IMG_29531-768x576.jpg 768w, https:\/\/life-beaver.eu\/wp-content\/uploads\/2024\/06\/IMG_29531-1536x1152.jpg 1536w, https:\/\/life-beaver.eu\/wp-content\/uploads\/2024\/06\/IMG_29531-2048x1536.jpg 2048w, https:\/\/life-beaver.eu\/wp-content\/uploads\/2024\/06\/IMG_29531-370x278.jpg 370w, https:\/\/life-beaver.eu\/wp-content\/uploads\/2024\/06\/IMG_29531-770x578.jpg 770w, https:\/\/life-beaver.eu\/wp-content\/uploads\/2024\/06\/IMG_29531-1170x878.jpg 1170w, https:\/\/life-beaver.eu\/wp-content\/uploads\/2024\/06\/IMG_29531-1320x990.jpg 1320w\" sizes=\"(max-width: 1024px) 100vw, 1024px\" \/><\/figure>\n<\/div>\n\n\n<p><\/p>\n\n\n\n<h3 class=\"wp-block-heading\">DABAR NA IZLO\u017dBI \u201e\u010cAR LESA\u201c (SLO)<\/h3>\n\n\n\n<p>Drvo i proizvodi od drva fasciniraju ne samo ljude, ve\u0107 i dabrove. Zato se ove godine dabar po prvi put svojim radovima pridru\u017eio jedinstvenoj izlo\u017ebi dizajna \u201e\u010cAR LESA\u201c koja do kasne jeseni putuje po Sloveniji.<\/p>\n\n\n\n<p>Trenutno (do 26. lipnja) izlo\u017eba se mo\u017ee razgledati u Centru za kulturu Semi\u010d.<\/p>\n\n\n\n<p>Program izlo\u017ebe \u010cAR LESA 2024. u Sloveniji:<\/p>\n\n\n\n<p>1. Arboretum Vol\u010dji Potok: od 21. svibnja do 2. lipnja 2024.<\/p>\n\n\n\n<p>2. Semi\u010d, Centar za kulturu Semi\u010d: od 4. do 26. lipnja 2024. &#8211; otvorenje 5. lipnja 2024. u 10 sati.<\/p>\n\n\n\n<p>3. Sodra\u017eica, dvorana O\u0160 dr. Ivan Prijatelj Sodra\u017eica: od 28. lipnja do 21. srpnja 2024. godine<\/p>\n\n\n\n<p>4. Murska Sobota, paviljon Expano: od 23. srpnja do 3. rujna 2024.<\/p>\n\n\n\n<p>5. La\u0161ko, Muzej La\u0161ko: od 5. do 25. rujna 2024. godine<\/p>\n\n\n\n<p>6. Pivka, Krpanov dom Pivka: od 27. rujna do 15. listopada 2024.<\/p>\n\n\n\n<p>7. Nova Gorica, dvorana Op\u0107ine Nova Gorica: od 17.10.-12.11.2024.<\/p>\n\n\n\n<p>8. Ljubljana, GR \u2013 Sajam Ambient od 14. do 17. studenog 2024<\/p>\n\n\n\n<p>Vi\u0161e o izlo\u017ebi: <a href=\"https:\/\/carlesa.si\/\">https:\/\/carlesa.si\/<\/a><\/p>\n\n\n<div class=\"wp-block-image\">\n<figure class=\"aligncenter size-large is-resized\"><img loading=\"lazy\" decoding=\"async\" width=\"1024\" height=\"768\" src=\"https:\/\/life-beaver.eu\/wp-content\/uploads\/2024\/05\/car-lesa-1-1024x768.jpg\" alt=\"\" class=\"wp-image-10190\" style=\"width:708px;height:auto\" srcset=\"https:\/\/life-beaver.eu\/wp-content\/uploads\/2024\/05\/car-lesa-1-1024x768.jpg 1024w, https:\/\/life-beaver.eu\/wp-content\/uploads\/2024\/05\/car-lesa-1-300x225.jpg 300w, https:\/\/life-beaver.eu\/wp-content\/uploads\/2024\/05\/car-lesa-1-768x576.jpg 768w, https:\/\/life-beaver.eu\/wp-content\/uploads\/2024\/05\/car-lesa-1-1536x1152.jpg 1536w, https:\/\/life-beaver.eu\/wp-content\/uploads\/2024\/05\/car-lesa-1-370x278.jpg 370w, https:\/\/life-beaver.eu\/wp-content\/uploads\/2024\/05\/car-lesa-1-770x578.jpg 770w, https:\/\/life-beaver.eu\/wp-content\/uploads\/2024\/05\/car-lesa-1-1170x878.jpg 1170w, https:\/\/life-beaver.eu\/wp-content\/uploads\/2024\/05\/car-lesa-1-1320x990.jpg 1320w, https:\/\/life-beaver.eu\/wp-content\/uploads\/2024\/05\/car-lesa-1.jpg 2048w\" sizes=\"(max-width: 1024px) 100vw, 1024px\" \/><\/figure>\n<\/div>\n\n\n<p><\/p>\n\n\n\n<h3 class=\"wp-block-heading\">DABAR NA SAJMU LOVA I RIBOLOVA U GORNJI RADGONI, SLO (5.-7. travnja 2024.)<\/h3>\n\n\n\n<p>Ovog tjedna od petka do nedjelje (05. &#8211; 07.04.2024.) srda\u010dno ste pozvani u Gornju Radgonu na sajam lova, ribolova i prirode! Na sajmu se na Lutrinom \u0161tandu mo\u017eete upoznati s dabrom, njegovom susjedom vidrom i njihovim domom \u2013 slatkovodnim ekosustavima.<\/p>\n\n\n\n<p>U petak, 5. travnja posebno vas pozivamo na predavanje o dabru u izlo\u017ebenoj dvorani 2 u 14:30 sati!<\/p>\n\n\n\n<figure class=\"wp-block-embed aligncenter is-type-wp-embed is-provider-sejem-lov wp-block-embed-sejem-lov\"><div class=\"wp-block-embed__wrapper\">\n<blockquote class=\"wp-embedded-content\" data-secret=\"3KuTftKNwd\"><a href=\"https:\/\/www.sejem-lov.si\/\">Domov<\/a><\/blockquote><iframe class=\"wp-embedded-content\" sandbox=\"allow-scripts\" security=\"restricted\" style=\"position: absolute; visibility: hidden;\" title=\"&#8220;Domov&#8221; &#8212; Sejem Lov\" src=\"https:\/\/www.sejem-lov.si\/embed\/#?secret=B23jy4uWIj#?secret=3KuTftKNwd\" data-secret=\"3KuTftKNwd\" width=\"600\" height=\"338\" frameborder=\"0\" marginwidth=\"0\" marginheight=\"0\" scrolling=\"no\"><\/iframe>\n<\/div><\/figure>\n\n\n\n<h3 class=\"wp-block-heading\">PREDAVANJE O DABRU U KNJI\u017dNICI LENART (4.4.2024., SLO)<\/h3>\n\n\n\n<p>U \u010detvrtak, 4. travnja 2024. u 17 sati, pozivamo vas na predavanje \u201eDabar &#8211; klju\u010dna vrsta vla\u017enih stani\u0161ta\u201c u knji\u017enici Lenart u Slovenskim Goricama! Predavanje \u0107e odr\u017eati na\u0161a stru\u010dnjakinja za dabrove, Martina Vida.<\/p>\n\n\n<div class=\"wp-block-image\">\n<figure class=\"aligncenter size-full is-resized\"><img loading=\"lazy\" decoding=\"async\" width=\"772\" height=\"403\" src=\"https:\/\/life-beaver.eu\/wp-content\/uploads\/2024\/04\/bober-lenart-predavanja-044020204.jpg\" alt=\"\" class=\"wp-image-9685\" style=\"width:642px;height:auto\" srcset=\"https:\/\/life-beaver.eu\/wp-content\/uploads\/2024\/04\/bober-lenart-predavanja-044020204.jpg 772w, https:\/\/life-beaver.eu\/wp-content\/uploads\/2024\/04\/bober-lenart-predavanja-044020204-300x157.jpg 300w, https:\/\/life-beaver.eu\/wp-content\/uploads\/2024\/04\/bober-lenart-predavanja-044020204-768x401.jpg 768w, https:\/\/life-beaver.eu\/wp-content\/uploads\/2024\/04\/bober-lenart-predavanja-044020204-370x193.jpg 370w, https:\/\/life-beaver.eu\/wp-content\/uploads\/2024\/04\/bober-lenart-predavanja-044020204-770x403.jpg 770w\" sizes=\"(max-width: 772px) 100vw, 772px\" \/><\/figure>\n<\/div>\n\n\n<p><\/p>\n\n\n\n<h3 class=\"wp-block-heading\">PREDAVANJE O DABRU U BENEDIKTU (SLO)<\/h3>\n\n\n\n<p>Ovog petka, 22. o\u017eujka 2024. u 17 sati, pozivamo vas na predavanje o dabru u Ve\u010dgeneracijskom centru Benedikt u Slovenskim goricama (\u0160olska ulica 4).<\/p>\n\n\n\n<p>Na\u0161a Martina Vida odvest \u0107e vas u svijet dabrova.<\/p>\n\n\n\n<p>Dobrodo\u0161li!<\/p>\n\n\n<div class=\"wp-block-image\">\n<figure class=\"aligncenter size-large is-resized\"><img loading=\"lazy\" decoding=\"async\" width=\"1024\" height=\"488\" src=\"https:\/\/life-beaver.eu\/wp-content\/uploads\/2024\/03\/predavanje-Martina-benedikt-22032024-1024x488.jpg\" alt=\"\" class=\"wp-image-9443\" style=\"width:730px;height:auto\" srcset=\"https:\/\/life-beaver.eu\/wp-content\/uploads\/2024\/03\/predavanje-Martina-benedikt-22032024-1024x488.jpg 1024w, https:\/\/life-beaver.eu\/wp-content\/uploads\/2024\/03\/predavanje-Martina-benedikt-22032024-300x143.jpg 300w, https:\/\/life-beaver.eu\/wp-content\/uploads\/2024\/03\/predavanje-Martina-benedikt-22032024-768x366.jpg 768w, https:\/\/life-beaver.eu\/wp-content\/uploads\/2024\/03\/predavanje-Martina-benedikt-22032024-1536x732.jpg 1536w, https:\/\/life-beaver.eu\/wp-content\/uploads\/2024\/03\/predavanje-Martina-benedikt-22032024-370x176.jpg 370w, https:\/\/life-beaver.eu\/wp-content\/uploads\/2024\/03\/predavanje-Martina-benedikt-22032024-770x367.jpg 770w, https:\/\/life-beaver.eu\/wp-content\/uploads\/2024\/03\/predavanje-Martina-benedikt-22032024-1170x558.jpg 1170w, https:\/\/life-beaver.eu\/wp-content\/uploads\/2024\/03\/predavanje-Martina-benedikt-22032024-1320x629.jpg 1320w, https:\/\/life-beaver.eu\/wp-content\/uploads\/2024\/03\/predavanje-Martina-benedikt-22032024.jpg 2048w\" sizes=\"(max-width: 1024px) 100vw, 1024px\" \/><\/figure>\n<\/div>\n\n\n<p><\/p>\n\n\n\n<h3 class=\"wp-block-heading\">RADIONICA O DABRU ZA DJECU \u0160KOLSKE I PRED\u0160KOLSKE DOBI U KNJI\u017dNICI \u0160KOCJAN (SLO)<\/h3>\n\n\n\n<p>Sutra, u utorak, 19. o\u017eujka 2024. u 17 sati, srda\u010dno ste pozvani u knji\u017enicu \u0160kocjan u Dolenjskom (Slovenija). Prvo \u0107e biti odr\u017eana kratka prezentacija o dabrovima za djecu pred\u0161kolske i \u0161kolske dobi, a potom slijedi kreativna radionica na temu dabrova. Dobrodo\u0161li!<\/p>\n\n\n<div class=\"wp-block-image\">\n<figure class=\"aligncenter size-full is-resized\"><img loading=\"lazy\" decoding=\"async\" width=\"683\" height=\"683\" src=\"https:\/\/life-beaver.eu\/wp-content\/uploads\/2024\/03\/foto-lea-delavnica-skocjan.jpg\" alt=\"\" class=\"wp-image-9348\" style=\"width:499px;height:auto\" srcset=\"https:\/\/life-beaver.eu\/wp-content\/uploads\/2024\/03\/foto-lea-delavnica-skocjan.jpg 683w, https:\/\/life-beaver.eu\/wp-content\/uploads\/2024\/03\/foto-lea-delavnica-skocjan-300x300.jpg 300w, https:\/\/life-beaver.eu\/wp-content\/uploads\/2024\/03\/foto-lea-delavnica-skocjan-150x150.jpg 150w, https:\/\/life-beaver.eu\/wp-content\/uploads\/2024\/03\/foto-lea-delavnica-skocjan-370x370.jpg 370w, https:\/\/life-beaver.eu\/wp-content\/uploads\/2024\/03\/foto-lea-delavnica-skocjan-90x90.jpg 90w\" sizes=\"(max-width: 683px) 100vw, 683px\" \/><\/figure>\n<\/div>\n\n\n<h3 class=\"wp-block-heading\">OVOG VIKENDA POZIVAMO VAS U PARK PRIRODE RADENSKO POLJE!<\/h3>\n\n\n\n<p>U nedjelju, 17. rujna 2023. godine. u parku prirode Radensko polje odr\u017eat \u0107e se Dan otvorenih vrata \u017dabje hi\u0161e (centra za o\u010duvanje prirode) na kojem \u0107e biti predstavljeni dabar i vidra. Odrasli i djeca mogu u\u017eivati \u200b\u200bi u drugim zanimljivim radionicama o vodozemcima i gmazovima, pri\u010di udruge Terra Anima te vo\u0111enom obilasku \u017dabje hi\u0161e. Na raspolaganju \u0107e biti i snack bar \ud83d\ude42<\/p>\n\n\n\n<p>Dobrodo\u0161li na upoznavanje svijeta prirode!<\/p>\n\n\n\n<p>Lokacija: \u017dabja hi\u0161a, Mala Ra\u010dna 20 (ozna\u010deno \u017dH na karti)<\/p>\n\n\n\n<p>Termin: 17. rujna 2023. od 10 do 16 sati<\/p>\n\n\n\n<p>Parking: na parkirali\u0161tu ispred \u017dabje hi\u0161e (oznaka P na karti) i kod Dru\u0161tvenog doma Ra\u010dna (Velika Ra\u010dna 24b)<\/p>\n\n\n<div class=\"wp-block-image\">\n<figure class=\"aligncenter size-full is-resized\"><img loading=\"lazy\" decoding=\"async\" width=\"927\" height=\"647\" src=\"https:\/\/life-beaver.eu\/wp-content\/uploads\/2023\/09\/image.png\" alt=\"\" class=\"wp-image-7102\" style=\"width:593px;height:auto\" srcset=\"https:\/\/life-beaver.eu\/wp-content\/uploads\/2023\/09\/image.png 927w, https:\/\/life-beaver.eu\/wp-content\/uploads\/2023\/09\/image-300x209.png 300w, https:\/\/life-beaver.eu\/wp-content\/uploads\/2023\/09\/image-768x536.png 768w, https:\/\/life-beaver.eu\/wp-content\/uploads\/2023\/09\/image-370x258.png 370w, https:\/\/life-beaver.eu\/wp-content\/uploads\/2023\/09\/image-770x537.png 770w\" sizes=\"(max-width: 927px) 100vw, 927px\" \/><\/figure>\n<\/div>\n\n\n<p><\/p>\n\n\n\n<h3 class=\"wp-block-heading\">PREDSTAVLJANJE DABRA NA KOLI\u0160\u010cARSKIM DANIMA 2023<\/h3>\n\n\n\n<p>U subotu, 26. kolovoza 2023., pozvani ste da nam se pridru\u017eite na Danu Koli\u0161\u010dara od 10 do 17 sati u Dragi pri Igu (Slovenija)!<\/p>\n\n\n\n<p>Organizatori su najavili sljede\u0107e:<\/p>\n\n\n\n<p><em><strong>Koli\u0161\u010darski dan<\/strong> (eng. crannog, prevodi se kao \u201enastamba na vodi\u201c. Crannog je tip drevne nastambe na umjetnom ili prirodnom oto\u010di\u0107u u jezerima ili rijekama tijekom prapovijesnog razdoblja. Izraz ne postoji direktno u hrvatskom jeziku, pa se \u010desto opisuje prema funkciji i izgledu. op. prev.) jednodnevna je manifestacija na kojoj se posjetitelji kroz radionice mogu oku\u0161ati u vje\u0161tinama takve vrste gradnje, a pripremamo i popratni program (predstave, arheolo\u0161ka i druga predavanja).<\/em><\/p>\n\n\n\n<p><em>Radionice su podijeljene na arheolo\u0161ke (gdje je glavni sadr\u017eaj arheolo\u0161ki, od nalaza do interpretacije arheolo\u0161kih nalaza), iskustvene (gdje polaznici na temelju vlastitog rada i iskustva stje\u010du znanja o \u017eivotu ljudi te neoliti\u010dke kulture) te radionice o\u010duvanja prirode (gdje se upoznaju s faunom i florom Ljubljinskog barja i doline rijeke Drage danas i u pro\u0161losti.<\/em><\/p>\n\n\n\n<h3 class=\"wp-block-heading\">OVE SUBOTE, 10. LIPNJA 2023. POZVANI STE NA UPOZNAVANJE S DABROM I VIDROM NA CERKNI\u0160KOM JEZERU (Slovenija)!<\/h3>\n\n\n\n<p>Uz Cerkni\u0161ko jezero, pod pokroviteljstvom Notranjskog regionalnog parka, tijekom svibnja i lipnja bit \u0107e predstavljeni razni LIFE projekti: LIFE za SJEME, LIFE Str\u017een, LIFE Dabar, LIFE Amphicon i LIFE Lynx.<\/p>\n\n\n\n<p>Projekt LIFE Dabar prvi je put predstavljen u subotu, 27. svibnja, a drugi put \u0107emo svoje aktivnosti predstaviti u subotu, 10. lipnja od 10 do 13 sati, na slikovitoj lokaciji info punkta nasuprot Centra za posjetitelje. Djeca su posebno dobrodo\u0161la. Pripremamo niz aktivnosti i zanimljivih edukativnih sadr\u017eaja koji \u0107e im omogu\u0107iti da se bolje upoznaju sa svijetom prirode i pritom se zabave.<\/p>\n\n\n\n<p>Partneri projekta LIFE BEAVER predstavljaju na\u0161e najve\u0107e slatkovodne sisavce &#8211; dabra i vidru. Partneri \u0107e predstaviti njihove biolo\u0161ke i ekolo\u0161ke karakteristike, razlike i sli\u010dnosti. Tako\u0111er \u0107ete saznati kakvu ulogu imaju u ekosustavu i za\u0161to nam dabar mo\u017ee pomo\u0107i u ubla\u017eavanju posljedica klimatskih promjena.<\/p>\n\n\n\n<p>Dobrodo\u0161li!<\/p>\n\n\n<div class=\"wp-block-image\">\n<figure class=\"aligncenter size-full is-resized\"><img loading=\"lazy\" decoding=\"async\" width=\"1024\" height=\"576\" src=\"https:\/\/life-beaver.eu\/wp-content\/uploads\/2023\/07\/image-3.png\" alt=\"\" class=\"wp-image-6953\" style=\"width:613px;height:auto\" srcset=\"https:\/\/life-beaver.eu\/wp-content\/uploads\/2023\/07\/image-3.png 1024w, https:\/\/life-beaver.eu\/wp-content\/uploads\/2023\/07\/image-3-300x169.png 300w, https:\/\/life-beaver.eu\/wp-content\/uploads\/2023\/07\/image-3-768x432.png 768w, https:\/\/life-beaver.eu\/wp-content\/uploads\/2023\/07\/image-3-370x208.png 370w, https:\/\/life-beaver.eu\/wp-content\/uploads\/2023\/07\/image-3-770x433.png 770w, https:\/\/life-beaver.eu\/wp-content\/uploads\/2023\/07\/image-3-270x152.png 270w\" sizes=\"(max-width: 1024px) 100vw, 1024px\" \/><\/figure>\n<\/div>\n\n\n<p><\/p>\n\n\n\n<h3 class=\"wp-block-heading\">RADIONICE O \u017dIVOTU S DABROM ZA DIONIKE &#8211; UPRAVITELJE ZA\u0160TI\u0106ENIM PODRU\u010cJIMA, VODAMA I \u0160UMAMA TE POLJOPRIVREDNE SAVJETNIKE (SI)<\/h3>\n\n\n\n<p>Slovenski partneri projekta organizirali su 28. i 29. o\u017eujka 2023. radionicu o su\u017eivotu s dabrovima za upravitelje za\u0161ti\u0107enih podru\u010dja i poljoprivredne savjetnike. Prva radionica odr\u017eana je na \u0160umarskom institutu u Ljubljani, a druga u Drava centru u Mariboru (Limbu\u0161).<\/p>\n\n\n\n<div data-wp-interactive=\"core\/file\" class=\"wp-block-file\"><object data-wp-bind--hidden=\"!state.hasPdfPreview\" hidden class=\"wp-block-file__embed\" data=\"https:\/\/life-beaver.eu\/wp-content\/uploads\/2023\/03\/program_delavnice_bober_Lutra_2023.pdf\" type=\"application\/pdf\" style=\"width:100%;height:600px\" aria-label=\"Ugra\u0111eno program_delavnice_bober_Lutra_2023.\"><\/object><a id=\"wp-block-file--media-ce2342f3-976b-4519-8d5f-084b04ac7cc5\" href=\"https:\/\/life-beaver.eu\/wp-content\/uploads\/2023\/03\/program_delavnice_bober_Lutra_2023.pdf\">program_delavnice_bober_Lutra_2023<\/a><a href=\"https:\/\/life-beaver.eu\/wp-content\/uploads\/2023\/03\/program_delavnice_bober_Lutra_2023.pdf\" class=\"wp-block-file__button wp-element-button\" download aria-describedby=\"wp-block-file--media-ce2342f3-976b-4519-8d5f-084b04ac7cc5\">Download<\/a><\/div>\n\n\n\n<p><\/p>\n\n\n\n<h3 class=\"wp-block-heading\">RADIONICE O SU\u017dIVOTU S DABROM ZA DIONIKE &#8211; UPRAVITELJE ZA\u0160TI\u0106ENIM PODRU\u010cJIMA, VODAMA I \u0160UMAMA (HR)<\/h3>\n\n\n\n<p>Hrvatski partneri na projektu organizirali su radionice o su\u017eivotu s dabrovima za dionike u pojedinim \u017eupanijama u Hrvatskoj 29. studenog te 5. i 6. prosinca 2022. Prva radionica odr\u017eala se u Koprivnici, druga u Vinkovcima, a tre\u0107a u Dvorcu Tikve\u0161 (Kopa\u010dki rit).<\/p>\n\n\n\n<div data-wp-interactive=\"core\/file\" class=\"wp-block-file\"><object data-wp-bind--hidden=\"!state.hasPdfPreview\" hidden class=\"wp-block-file__embed\" data=\"https:\/\/life-beaver.eu\/wp-content\/uploads\/2023\/03\/radionica_Koprivnica_29112022.pdf\" type=\"application\/pdf\" style=\"width:100%;height:600px\" aria-label=\"Ugra\u0111eno radionica_Koprivnica_29112022.\"><\/object><a id=\"wp-block-file--media-5118d7f9-bde3-49bc-8343-84d565a3bff2\" href=\"https:\/\/life-beaver.eu\/wp-content\/uploads\/2023\/03\/radionica_Koprivnica_29112022.pdf\">radionica_Koprivnica_29112022<\/a><a href=\"https:\/\/life-beaver.eu\/wp-content\/uploads\/2023\/03\/radionica_Koprivnica_29112022.pdf\" class=\"wp-block-file__button wp-element-button\" download aria-describedby=\"wp-block-file--media-5118d7f9-bde3-49bc-8343-84d565a3bff2\">Download<\/a><\/div>\n","protected":false},"excerpt":{"rendered":"<p>IZLO\u017dBA I PREDAVANJE O DABRU U JARENINI (SLO) Pozivamo Vas da posjetite izlo\u017ebu dabrova koja \u0107e se odr\u017eati u Muzejskoj dvorani u Jarenini od 31. sije\u010dnja do 16. velja\u010de 2025.! Na istoj lokaciji&hellip;<\/p>\n","protected":false},"author":5,"featured_media":0,"parent":1433,"menu_order":4,"comment_status":"closed","ping_status":"closed","template":"","meta":{"footnotes":""},"class_list":["post-10487","page","type-page","status-publish","hentry"],"_links":{"self":[{"href":"https:\/\/life-beaver.eu\/hr\/wp-json\/wp\/v2\/pages\/10487","targetHints":{"allow":["GET"]}}],"collection":[{"href":"https:\/\/life-beaver.eu\/hr\/wp-json\/wp\/v2\/pages"}],"about":[{"href":"https:\/\/life-beaver.eu\/hr\/wp-json\/wp\/v2\/types\/page"}],"author":[{"embeddable":true,"href":"https:\/\/life-beaver.eu\/hr\/wp-json\/wp\/v2\/users\/5"}],"replies":[{"embeddable":true,"href":"https:\/\/life-beaver.eu\/hr\/wp-json\/wp\/v2\/comments?post=10487"}],"version-history":[{"count":3,"href":"https:\/\/life-beaver.eu\/hr\/wp-json\/wp\/v2\/pages\/10487\/revisions"}],"predecessor-version":[{"id":11173,"href":"https:\/\/life-beaver.eu\/hr\/wp-json\/wp\/v2\/pages\/10487\/revisions\/11173"}],"up":[{"embeddable":true,"href":"https:\/\/life-beaver.eu\/hr\/wp-json\/wp\/v2\/pages\/1433"}],"wp:attachment":[{"href":"https:\/\/life-beaver.eu\/hr\/wp-json\/wp\/v2\/media?parent=10487"}],"curies":[{"name":"wp","href":"https:\/\/api.w.org\/{rel}","templated":true}]}}