{"id":10483,"date":"2024-10-28T09:11:40","date_gmt":"2024-10-28T08:11:40","guid":{"rendered":"https:\/\/life-beaver.eu\/?page_id=10483"},"modified":"2024-12-13T08:31:36","modified_gmt":"2024-12-13T07:31:36","slug":"dabrobrani","status":"publish","type":"page","link":"https:\/\/life-beaver.eu\/hr\/rezultati\/dabrobrani\/","title":{"rendered":"MJERE ZA\u0160TITE"},"content":{"rendered":"\n<h5 class=\"wp-block-heading\"><strong>Postavljanje dabrobrana u op\u0107ini \u010crnomelj<\/strong><\/h5>\n\n\n\n<p>Postavili smo ve\u0107 sedmi branik za dabra, ovaj put u Beloj Krajini u op\u0107ini \u010crnomelj na vodotoku Podturn\u0161\u010dica u naselju Obrh pri Dragatu\u0161u. Vlasnik obli\u017enjeg poljoprivrednog zemlji\u0161ta prethodno nam je pojasnio da je obrada zemlje \u010desto ote\u017eana zbog visokih podzemnih voda u blizini dabrove brane.<\/p>\n\n\n\n<p>Koristili smo dvije kanalizacijske cijevi du\u017eine 7,5 m i promjera 315 mm. S jedne strane cijevi postavili smo \u017eeljezni kavez visine 80 cm koji sprje\u010dava za\u010depljenje cijevi. U brani smo prvo ru\u010dno napravili malu rupu, tako da se razina vode unekoliko pala. Cijevi smo zatim postavili u branu, a na dno vodenog toka pri\u010dvrstili smo \u017eeljezni kavez kako bi ostao potopljen. Na kraju smo cijevi ru\u010dno oblo\u017eili granama i muljem, tako da je brana u potpunosti podsje\u0107ala na izvorno stanje.<\/p>\n\n\n\n<p>Nadamo se da \u0107e ograda za dabrove omogu\u0107iti nesmetano obra\u0111ivanje poljoprivrednih povr\u0161ina, a dabru \u0107e ujedno omogu\u0107iti adekvatno stani\u0161te.<\/p>\n\n\n\n<p>Cijevi smo postavili uz prethodnu dozvolu Ministarstva prirodnih resursa i prostora.<\/p>\n\n\n<div class=\"wp-block-image\">\n<figure class=\"aligncenter size-large is-resized\"><img fetchpriority=\"high\" decoding=\"async\" width=\"1024\" height=\"589\" src=\"https:\/\/life-beaver.eu\/wp-content\/uploads\/2024\/05\/I42A6MY-1024x589.jpg\" alt=\"\" class=\"wp-image-10114\" style=\"width:627px;height:auto\" srcset=\"https:\/\/life-beaver.eu\/wp-content\/uploads\/2024\/05\/I42A6MY-1024x589.jpg 1024w, https:\/\/life-beaver.eu\/wp-content\/uploads\/2024\/05\/I42A6MY-300x173.jpg 300w, https:\/\/life-beaver.eu\/wp-content\/uploads\/2024\/05\/I42A6MY-768x442.jpg 768w, https:\/\/life-beaver.eu\/wp-content\/uploads\/2024\/05\/I42A6MY-1536x884.jpg 1536w, https:\/\/life-beaver.eu\/wp-content\/uploads\/2024\/05\/I42A6MY-2048x1178.jpg 2048w, https:\/\/life-beaver.eu\/wp-content\/uploads\/2024\/05\/I42A6MY-370x213.jpg 370w, https:\/\/life-beaver.eu\/wp-content\/uploads\/2024\/05\/I42A6MY-770x443.jpg 770w, https:\/\/life-beaver.eu\/wp-content\/uploads\/2024\/05\/I42A6MY-1170x673.jpg 1170w, https:\/\/life-beaver.eu\/wp-content\/uploads\/2024\/05\/I42A6MY-1320x760.jpg 1320w\" sizes=\"(max-width: 1024px) 100vw, 1024px\" \/><\/figure>\n<\/div>\n\n\n<p><\/p>\n\n\n\n<h5 class=\"wp-block-heading\"><strong>Postavljanje dabrobrana u op\u0107ini Puconci<\/strong><\/h5>\n\n\n\n<p>Po\u010detkom velja\u010de postavili smo \u0161esti dabrobran na vodotoku Logojca, kod naselja Predanovci (op\u0107ina Puconci), gdje su zbog vi\u0161eg vodostaja iza dabrove brane poplavljena okolna poljoprivredna zemlji\u0161te. Upotrijebili smo dvije kanalizacijske cijevi du\u017eine 7,5 m i promjera 315 mm. Na jednu stranu cijevi postavili smo \u017eeljezni kavez i time sprije\u010dili mogu\u0107e za\u010depljenje naplavljenim drvetom.<\/p>\n\n\n\n<p>Prvo smo ru\u010dno napravili malu rupu u brani, tako da se razina vode unekoliko pala. Cijevi smo postavili u branu, a \u017eeljezni kavez pri\u010dvrstili na dno rije\u010dnog korita kako bi ostao potopljen. Na kraju smo cijevi ru\u010dno prekrili granjem i muljem, tako da je brana bila u najve\u0107oj mjeri sli\u010dna stanju prije zahvata. Prije zahvata dubina vode iza brane u koritu rijeke iznosila je oko 1,8 m u najdubljem dijelu. Umetanjem proto\u010dne cijevi razina vode pala je za najmanje 30-40 cm. Dubina vode jo\u0161 uvijek odgovara dabru, a zemlji\u0161ta vi\u0161e nisu plavljena u vrijeme normalnih vodostaja.<\/p>\n\n\n\n<p>Prije postavljanja dabrobrana ishodili smo dopu\u0161tenje Ministarstva prirodnih resursa i prostora.<\/p>\n\n\n<div class=\"wp-block-image\">\n<figure class=\"aligncenter size-large is-resized\"><img decoding=\"async\" width=\"1024\" height=\"768\" src=\"https:\/\/life-beaver.eu\/wp-content\/uploads\/2024\/03\/IMG_0659-1024x768.jpg\" alt=\"\" class=\"wp-image-9393\" style=\"width:523px;height:auto\" srcset=\"https:\/\/life-beaver.eu\/wp-content\/uploads\/2024\/03\/IMG_0659-1024x768.jpg 1024w, https:\/\/life-beaver.eu\/wp-content\/uploads\/2024\/03\/IMG_0659-300x225.jpg 300w, https:\/\/life-beaver.eu\/wp-content\/uploads\/2024\/03\/IMG_0659-768x576.jpg 768w, https:\/\/life-beaver.eu\/wp-content\/uploads\/2024\/03\/IMG_0659-1536x1152.jpg 1536w, https:\/\/life-beaver.eu\/wp-content\/uploads\/2024\/03\/IMG_0659-2048x1536.jpg 2048w, https:\/\/life-beaver.eu\/wp-content\/uploads\/2024\/03\/IMG_0659-370x278.jpg 370w, https:\/\/life-beaver.eu\/wp-content\/uploads\/2024\/03\/IMG_0659-770x578.jpg 770w, https:\/\/life-beaver.eu\/wp-content\/uploads\/2024\/03\/IMG_0659-1170x878.jpg 1170w, https:\/\/life-beaver.eu\/wp-content\/uploads\/2024\/03\/IMG_0659-1320x990.jpg 1320w\" sizes=\"(max-width: 1024px) 100vw, 1024px\" \/><\/figure>\n<\/div>\n\n\n<p><\/p>\n\n\n\n<h5 class=\"wp-block-heading\"><strong>Postavljanje dabrobrana u op\u0107ini Lendava<\/strong><\/h5>\n\n\n\n<p>Zbog porasta vodostaja iznad dabrove brane poplavljena su okolna poljoprivredna zemlji\u0161ta, zato smo u dabrovu branu postavili cijev za odvodnju vode iznad brane (tzv. <em>beaver deceiver<\/em> ili \u201edabrobran\u201c). Suradnici <em>Instituta Lutra<\/em> postavili su cijev 13. listopada ove (2023.) godine. Za ogradu od dabrova koristili smo dvoslojnu polietilensku rebrastu cijev du\u017eine 9 m i promjera 315 mm. Kako bismo sprije\u010dili za\u010depljenje naplavljenim drvetom, s jedne strane postavili smo \u017eeljezni kavez visine 75 cm i promjera 140 cm. Uzdu\u017e cijele duljine cijevi izbu\u0161ili smo male rupe. To je omogu\u0107ilo izlaz zraka, pa se cijev mogla u potpunosti potopiti. Prvo smo ru\u010dno napravili mali otvor u dabrovoj brani, pa je razina vode unekoliko pala. Zatim smo postavili cijev u branu, a na dno korita pri\u010dvrstili \u017eeljezni kavez. Na kraju smo dabrovu branu ru\u010dno oblo\u017eili granama i muljem, pa je brana bila u najve\u0107oj mjeri sli\u010dna stanju prije zahvata.<\/p>\n\n\n\n<p>Prije zahvata dubina vode iza brane iznosila je pribli\u017eno 1,6 m. Umetanjem proto\u010dne cijevi vodostaj je palo za najmanje 20-30 cm. Nakon zahvata svakodnevno smo pratili stanje i utvrdili da poljoprivredno zemlji\u0161te vi\u0161e nije plavljeno.<\/p>\n\n\n<div class=\"wp-block-image\">\n<figure class=\"aligncenter size-full is-resized\"><img decoding=\"async\" width=\"419\" height=\"314\" src=\"https:\/\/life-beaver.eu\/wp-content\/uploads\/2023\/12\/image-5.png\" alt=\"\" class=\"wp-image-7323\" style=\"width:495px;height:auto\" srcset=\"https:\/\/life-beaver.eu\/wp-content\/uploads\/2023\/12\/image-5.png 419w, https:\/\/life-beaver.eu\/wp-content\/uploads\/2023\/12\/image-5-300x225.png 300w, https:\/\/life-beaver.eu\/wp-content\/uploads\/2023\/12\/image-5-370x277.png 370w\" sizes=\"(max-width: 419px) 100vw, 419px\" \/><\/figure>\n<\/div>\n\n\n<p><\/p>\n\n\n\n<h5 class=\"wp-block-heading\"><strong>Postavljanje dabrobrana u op\u0107ini \u010cren\u0161ovci<\/strong><\/h5>\n\n\n\n<p>Na starom rukavcu rijeke Mure na podru\u010dju op\u0107ine \u010cren\u0161ovci je zbog porasta razine vode iza dabrove brane do\u0161lo do plavljenja okolnih \u0161umskih zemlji\u0161ta, zato smo mi, suradnici Instituta Lutra, 24. travnja 2023. ugradili u dabrovu branu cijev za odvod vode (tzv. \u201ebeaver deceiver\u201c ili \u201edabrobran\u201c).<\/p>\n\n\n\n<p>Za dabrobran koristili smo dvoslojnu polietilensku rebrastu cijev du\u017eine 9 m i promjera 315 mm. Kako se cijev ne bi za\u010depila naplavljenim drvetom, postavili smo s jedne strane \u017eeljezni kavez visine 105 cm i promjera 140 cm. Izbu\u0161ene su male rupe du\u017e cijele duljine cijevi. To je omogu\u0107ilo zraku da iza\u0111e, pa je cijev mogla potpuno uroniti.<\/p>\n\n\n\n<p>Prvo smo ru\u010dno napravili malu rupu na brani, tako da je razina vode unekoliko pala. Cijev smo zatim postavili u branu i ote\u017eali je s dvije male betonske cigle. \u017deljezni kavez pri\u010dvrstili smo na dnu korita. Na kraju smo ru\u010dno prekrili dabrobran granama i muljem, kako bi brana bila \u0161to sli\u010dnija stanju prije zahvata.<\/p>\n\n\n\n<p>Dubina vode iza brane u koritu prije zahvata u najdubljem dijelu bila je cca 1,7 m. Umetanjem proto\u010dne cijevi razina vode je pala za najmanje 30-40 cm. Nakon intervencije pratili smo svakodnevno stanje i utvrdili da rub obli\u017enjeg \u0161umskog zemlji\u0161ta vi\u0161e nije bio poplavljen. Tako\u0111er, pratili smo lova\u010dkim kamerama (foto zamkama) dabrobran i reakciju dabrova. Snimke su pokazale da su dabrovi u prvom tjednu nakon zahvata intenzivno popravljali branu, no kasnije su obilasci pali na svega nekoliko puta po no\u0107i.<\/p>\n\n\n<div class=\"wp-block-image\">\n<figure class=\"aligncenter size-full is-resized\"><img loading=\"lazy\" decoding=\"async\" width=\"405\" height=\"303\" src=\"https:\/\/life-beaver.eu\/wp-content\/uploads\/2023\/12\/image-6.png\" alt=\"\" class=\"wp-image-7326\" style=\"width:493px;height:auto\" srcset=\"https:\/\/life-beaver.eu\/wp-content\/uploads\/2023\/12\/image-6.png 405w, https:\/\/life-beaver.eu\/wp-content\/uploads\/2023\/12\/image-6-300x224.png 300w, https:\/\/life-beaver.eu\/wp-content\/uploads\/2023\/12\/image-6-370x277.png 370w\" sizes=\"(max-width: 405px) 100vw, 405px\" \/><\/figure>\n<\/div>\n\n\n<p><\/p>\n\n\n\n<h5 class=\"wp-block-heading\"><strong>Postavljanje dabrobrana u op\u0107ini Pod\u010detrtek (rijeka Ribnik, Kozjansko<\/strong>)<\/h5>\n\n\n\n<p>U petak, 25. o\u017eujka 2022. godine postavili smo cijevi u dvije dabrove brane na potoku Ribnik u naselju Lastni\u010d u Kozjanskom parku. Potok Ribnik je pritok Sutle, koja se u njega ulijeva u podru\u010dju nedaleko od naselja.<\/p>\n\n\n\n<p>Na Ribniku je dabar izgradio tri uzastopne brane i brojne sporedne kanale koji vode do dabrova.<\/p>\n\n\n\n<p>Sli\u010dno kao i kod potoka Bu\u010da (Kozjanski park), poljoprivredne povr\u0161ine tako\u0111er su tu plavljene u \u0161irem podru\u010dju toka, a treba napomenuti da se obradive povr\u0161ine prote\u017eu i u obalno podru\u010dje. Sukladno \u010dlanku 37. Zakona o vodama i DKOP 4 (standardi dobrog poljoprivrednog i ekolo\u0161kog stanja zemlji\u0161ta) nisu dopu\u0161teni zahvati (uklju\u010duju\u0107i oranje) u obalnim zemlji\u0161tima, osim u iznimkama, jer pove\u0107avaju opasnost od pogor\u0161anja stanja voda. Zadiranjem u obalno podru\u010dje ljudi ugro\u017eavaju i sebe i svoju imovinu, jer su time izlo\u017eeniji poplavama. Kako bi se sprije\u010dili sukobi s dabrovima, potrebno je po\u0161tivati \u200b\u200bcjelovitost obalnog pojasa i o\u010duvati ili obnoviti gustu obalnu vegetaciju (drve\u0107e i grmlje na obalama), koje dabru slu\u017ei kao hrana i gra\u0111evinski materijal; ako dabar ima dovoljno hrane u prirodi, manje su \u0161anse da \u0107e napasti na\u0161 urod. Gusto priobalno raslinje djeluje i kao filtar koji sprje\u010dava prekomjerno uno\u0161enje hranjivih i drugih \u0161tetnih tvari u vodu, \u010dime pridonosi \u010di\u0161\u0107im povr\u0161inskim i podzemnim vodama.<\/p>\n\n\n\n<p>Prostupak postavljanja proto\u010dnih cijevi trajao je ne\u0161to du\u017ee na podru\u010dju potoka Ribnik, jer se radilo o dvije brane. Zadatak su kolege iz Kozjanskog parka izvr\u0161ili odli\u010dno.<\/p>\n\n\n\n<p>Ljeti uz potok dabrovi pusto\u0161e kukuruz, pa smo zakupcu zemlji\u0161ta savjetovali za\u0161titu uroda elektri\u010dnim pastirom.<\/p>\n\n\n<div class=\"wp-block-image\">\n<figure class=\"aligncenter size-full is-resized\"><img loading=\"lazy\" decoding=\"async\" width=\"450\" height=\"300\" src=\"https:\/\/life-beaver.eu\/wp-content\/uploads\/2023\/12\/image-2.png\" alt=\"\" class=\"wp-image-7312\" style=\"width:507px;height:auto\" srcset=\"https:\/\/life-beaver.eu\/wp-content\/uploads\/2023\/12\/image-2.png 450w, https:\/\/life-beaver.eu\/wp-content\/uploads\/2023\/12\/image-2-300x200.png 300w, https:\/\/life-beaver.eu\/wp-content\/uploads\/2023\/12\/image-2-370x247.png 370w\" sizes=\"(max-width: 450px) 100vw, 450px\" \/><\/figure>\n<\/div>\n\n\n<p><\/p>\n\n\n\n<h5 class=\"wp-block-heading\"><strong>Postavljanje brane za dabrove u op\u0107ini Kozje (potok Bu\u010da, Kozjansko)<\/strong><\/h5>\n\n\n\n<p>U travnju 2023. godine postavili smo cijev za spu\u0161tanje razine vode u branu na potoku Bu\u010da u Kozjanskom regionalnom parku. To je drugi primjer takve prakse u Sloveniji (prvi primjer iz \u017derjavinskog potoka na Dolenjskom opisan je u nastavku). Razlog intervencije je u\u010destalo plavljenje okolnih poljoprivrednih povr\u0161ina, a uo\u010dili smo da se polje prote\u017ee do ruba obale, odnosno duboko u obalni pojas uz vodotok. Unato\u010d \u010dinjenici da je obalno podru\u010dje definirano i za\u0161ti\u0107eno va\u017ee\u0107im Zakonom o vodama (\u010dl. 14. i 37.), na terenu primje\u0107ujemo da ljudi \u010desto ne po\u0161tuju cjelovitost obalnog podru\u010dja; rezultat takvog pona\u0161anja mo\u017ee biti i plavljenje polja i\/ili zgrada.<\/p>\n\n\n\n<p>U ovom primjeru zbog nagnutog terena polja su u \u0161irem podru\u010dju uz potok bila poplavljena (\u010dak i izvan obalnog pojasa), zato smo odlu\u010dili problem poku\u0161ati rije\u0161iti umetanjem proto\u010dne cijevi u dabrovu branu (tj. &#8220;dabrobran&#8221;). Na taj na\u010din osiguravamo kontinuirani protok vode kroz branu, \u010dime se sni\u017eava razina vode iznad brane i posljedi\u010dno sprje\u010davamo plavljenje.<\/p>\n\n\n\n<p>U sklopu projekta LIFE BEAVER predvidjeli smo financijska sredstva za ograni\u010deni broj intervencija ove vrste. Mi smo pridonijeli materijalom za realizaciju, a intervenciju su izveli djelatnici Kozjanskog parka. U oko \u0161est sati ru\u010dno su iskopali rupu u branu dabra i u nju postavili dvije rebraste cijevi duge 6 m s promjerom 40 cm, na \u010diji su kraj postavili kavez od armaturne mre\u017ee. Kavez sprje\u010dava da dabrovi za\u010depe ulaz i izlaz cijevi. Na \u0161um vode koja te\u010de dabar reagira instinktivno i vrlo brzo zatvori mogu\u0107e rupe na brani.<\/p>\n\n\n\n<p>Cijev je postavljena tako da je razina vode iznad dabrove brane jo\u0161 uvijek dovoljno duboka da se dabar mo\u017ee sakriti od predatora u vodi i njome do\u0107i do obli\u017enjih stabala, koja mu slu\u017ee kao hrana i gra\u0111evinski materijal. Po zavr\u0161etku zahvata cijevi smo djelomi\u010dno prekrili granama, a ostatak posla dabar \u0107e sam zavr\u0161iti u idu\u0107im no\u0107ima.<\/p>\n\n\n\n<p>Zahvat smo zavr\u0161ili u jednom danu, a suradnici iz Kozjanskog regionalnog parka postavili su u blizini brane kameru preko koje \u0107e pratiti situaciju.<\/p>\n\n\n<div class=\"wp-block-image\">\n<figure class=\"aligncenter size-full is-resized\"><img loading=\"lazy\" decoding=\"async\" width=\"384\" height=\"288\" src=\"https:\/\/life-beaver.eu\/wp-content\/uploads\/2023\/12\/image-8.png\" alt=\"\" class=\"wp-image-7332\" style=\"width:440px;height:auto\" srcset=\"https:\/\/life-beaver.eu\/wp-content\/uploads\/2023\/12\/image-8.png 384w, https:\/\/life-beaver.eu\/wp-content\/uploads\/2023\/12\/image-8-300x225.png 300w, https:\/\/life-beaver.eu\/wp-content\/uploads\/2023\/12\/image-8-370x278.png 370w\" sizes=\"(max-width: 384px) 100vw, 384px\" \/><\/figure>\n<\/div>\n\n\n<p><\/p>\n\n\n\n<h5 class=\"wp-block-heading\"><strong>Postavljanje brane za dabrove na \u017derjavinskom potoku u Dolenjskom<\/strong><\/h5>\n\n\n\n<p>Po\u010detkom lipnja 2021. koristili smo tzv. &#8220;dabrobran&#8221; (engleski <em>beaver-deceiver<\/em>) &#8211; jednostavne metode sprje\u010davanja plavljenja terena iznad dabrove brane.<\/p>\n\n\n\n<p>U tome nam je u pomo\u0107 prisko\u010dila tvrtka <em>VGP Novo Mesto<\/em>, koja je postavila 15 m dugu cijev u dabrovu branu na \u017derjavinskom potoku. Time je pove\u0107an protok vode i smanjena razina vode iza dabrove brane. U postavljanju prvog dabrobrana sudjelovali su i <em>Zavod za za\u0161titu prirode OE Novo Mesto<\/em> te <em>Institut Lutra<\/em> koji je vr\u0161io nadzor nad postavljanjem cijevi. Predstavnici <em>Lutre<\/em> pratili su situaciju nakon intervencije preko lova\u010dke kamere.<\/p>\n\n\n\n<p>U proljetnom i ljetnom razdoblju nismo zabilje\u017eili poplave, ali je zimi potok poplavio dio livade i prolaz za poljoprivrednu mehanizaciju. Problem je najvjerojatnije u tome \u0161to je propust ni\u017ei od okolnog terena i obale potoka. Cijeli prolaz bi trebalo povisiti i oja\u010dati pijeskom.<\/p>\n\n\n\n<p>Utvrdili smo da dabar odr\u017eava sve tri brane na u\u0161\u0107u \u017derjavinskoga potoka. Tako\u0111er smo primijetili ne\u0161to novog dovezenog i svje\u017ee oglodanog materijala. Uz potok su prisutni i dabrove kanale i nastambe. Doga\u0111aje nastavljamo pratiti kamerama.<\/p>\n\n\n<div class=\"wp-block-image\">\n<figure class=\"aligncenter size-full is-resized\"><img loading=\"lazy\" decoding=\"async\" width=\"425\" height=\"353\" src=\"https:\/\/life-beaver.eu\/wp-content\/uploads\/2023\/12\/image-9.png\" alt=\"\" class=\"wp-image-7335\" style=\"width:473px;height:auto\" srcset=\"https:\/\/life-beaver.eu\/wp-content\/uploads\/2023\/12\/image-9.png 425w, https:\/\/life-beaver.eu\/wp-content\/uploads\/2023\/12\/image-9-300x249.png 300w, https:\/\/life-beaver.eu\/wp-content\/uploads\/2023\/12\/image-9-370x307.png 370w\" sizes=\"(max-width: 425px) 100vw, 425px\" \/><\/figure>\n<\/div>\n\n\n<p><\/p>\n","protected":false},"excerpt":{"rendered":"<p>Postavljanje dabrobrana u op\u0107ini \u010crnomelj Postavili smo ve\u0107 sedmi branik za dabra, ovaj put u Beloj Krajini u op\u0107ini \u010crnomelj na vodotoku Podturn\u0161\u010dica u naselju Obrh pri Dragatu\u0161u. Vlasnik obli\u017enjeg poljoprivrednog zemlji\u0161ta prethodno&hellip;<\/p>\n","protected":false},"author":5,"featured_media":0,"parent":1433,"menu_order":0,"comment_status":"closed","ping_status":"closed","template":"","meta":{"footnotes":""},"class_list":["post-10483","page","type-page","status-publish","hentry"],"_links":{"self":[{"href":"https:\/\/life-beaver.eu\/hr\/wp-json\/wp\/v2\/pages\/10483","targetHints":{"allow":["GET"]}}],"collection":[{"href":"https:\/\/life-beaver.eu\/hr\/wp-json\/wp\/v2\/pages"}],"about":[{"href":"https:\/\/life-beaver.eu\/hr\/wp-json\/wp\/v2\/types\/page"}],"author":[{"embeddable":true,"href":"https:\/\/life-beaver.eu\/hr\/wp-json\/wp\/v2\/users\/5"}],"replies":[{"embeddable":true,"href":"https:\/\/life-beaver.eu\/hr\/wp-json\/wp\/v2\/comments?post=10483"}],"version-history":[{"count":3,"href":"https:\/\/life-beaver.eu\/hr\/wp-json\/wp\/v2\/pages\/10483\/revisions"}],"predecessor-version":[{"id":10609,"href":"https:\/\/life-beaver.eu\/hr\/wp-json\/wp\/v2\/pages\/10483\/revisions\/10609"}],"up":[{"embeddable":true,"href":"https:\/\/life-beaver.eu\/hr\/wp-json\/wp\/v2\/pages\/1433"}],"wp:attachment":[{"href":"https:\/\/life-beaver.eu\/hr\/wp-json\/wp\/v2\/media?parent=10483"}],"curies":[{"name":"wp","href":"https:\/\/api.w.org\/{rel}","templated":true}]}}