{"id":75,"date":"2021-02-24T10:09:36","date_gmt":"2021-02-24T09:09:36","guid":{"rendered":"https:\/\/life-beaver.eu\/?page_id=75"},"modified":"2024-09-18T12:16:48","modified_gmt":"2024-09-18T11:16:48","slug":"about-the-project","status":"publish","type":"page","link":"https:\/\/life-beaver.eu\/en\/about-the-project\/","title":{"rendered":"ABOUT THE PROJECT"},"content":{"rendered":"\t\t<div data-elementor-type=\"wp-page\" data-elementor-id=\"75\" class=\"elementor elementor-75 elementor-41\">\n\t\t\t\t\t\t<section class=\"elementor-section elementor-top-section elementor-element elementor-element-4b997f81 elementor-section-boxed elementor-section-height-default elementor-section-height-default\" data-id=\"4b997f81\" data-element_type=\"section\">\n\t\t\t\t\t\t<div class=\"elementor-container elementor-column-gap-extended\">\n\t\t\t\t\t<div class=\"elementor-column elementor-col-100 elementor-top-column elementor-element elementor-element-763b64f6 sc_inner_width_none sc_content_align_inherit sc_layouts_column_icons_position_left\" data-id=\"763b64f6\" data-element_type=\"column\">\n\t\t\t<div class=\"elementor-widget-wrap elementor-element-populated\">\n\t\t\t\t\t\t<div class=\"elementor-element elementor-element-4664e8af sc_fly_static elementor-widget elementor-widget-text-editor\" data-id=\"4664e8af\" data-element_type=\"widget\" data-widget_type=\"text-editor.default\">\n\t\t\t\t<div class=\"elementor-widget-container\">\n\t\t\t\t\t\t\t\t\t<p><strong>Project acronym:<\/strong> LIFE BEAVER<br \/><strong>Project reference:<\/strong> LIFE19 GIE\/SI\/001111<br \/><strong>Year of financing:<\/strong> 2019<br \/><strong>Priority area:<\/strong> Environmental Governance &amp; Information<br \/><strong>Project title (SL):<\/strong> \u017diveti z bobrom, mokri\u0161\u010di in podnebnimi spremembami<br \/><strong>Project title (ENG):<\/strong> LIFE with the beaver, wetlands and climate change<br \/><strong>Project title (SI):<\/strong> \u017diveti z bobrom, mokri\u0161\u010di in podnebnimi spremembami.<br \/><strong>Project title (HR):<\/strong> \u017divjeti s dabrom, vla\u017enim stani\u0161tima i klimatskim promjenama<br \/><strong>Start date:<\/strong> 1. 9. 2020<br \/><strong>End date: <\/strong>30. 4. 2025<br \/><strong>Website:<\/strong> <a href=\"https:\/\/life-beaver.eu\">https:\/\/life-beaver.eu<\/a><br \/><strong>FB page:<\/strong> <a href=\"https:\/\/www.facebook.com\/LutraInstitut\/\">https:\/\/www.facebook.com\/LutraInstitut\/<\/a><br \/><strong>Coordinating beneficiary:<\/strong> Lutra, In\u0161titut za ohranjanje naravne dedi\u0161\u010dine (SI)<br \/><strong>Partners:<\/strong> Sveu\u010dili\u0161te u Zagrebu \u2013 \u0160umarski fakultet (HR), Gozdarski in\u0161titut Slovenije (SI), Muzej Ivani\u0107 \u2013 Grada (HR)<br \/><strong>Project budget:<\/strong> 913,861\u20ac<br \/><strong>European Commission Contribution:<\/strong> 491.647\u20ac<br \/><strong>Ministry of the Environment and Spatial planning contribution (SI):<\/strong> 124.893,00 \u20ac<\/p><p><strong>The European beaver was almost eradicated in most of the European countries good two hundred years ago, after hundreds of years of merciless hunt and chase, the species ending on the verge of extinction. In the last few decades, it is successfully being reintroduced back to its native home range with the help of many reintroduction programmes, such as e. g. in Croatia, from where it naturally spread across the border to the neighbouring Slovenia. The beaver is successfully traversing many obstacles in cultural landscape, even river barriers. However, it is with enormous strain tackling obstacles in human mentality of selfish tendency to overexploitation of natural resources, falsely believing they are in inexhaustible amount, bending them to human will and need. The beaver is likewise adapting its riparian habitat to its own needs, however, at the same time, it is also maintaining it and keeping it hospitable for other species \u2013 as well as for humans: it is increasing biodiversity and ecosystem dynamics of inland waters.<\/strong><\/p><p>The recent return of the beavers to Posavina in Croatia 24 years ago counted to a total number of 85 animals. Today, the largest population of the biggest European rodent by far, counts over 10.000 animals; they are spread throughout all of Croatia, parts of Bosnia and Hercegovina, Serbia, Austria and Hungary. The beavers also expanded to Slovenia, utilising Sava, Mura, Drava and Kolpa as commuting routes from Croatia. The beaver, present in both countries today, is considered to have a favourable conservation status. This is also one of the reasons why two different Croatian partners joined forces: The Faculty of Forestry in Zagreb, which was responsible for the reintroduction of the beavers to Croatia in the first instance, and the Museum of Ivani\u0107 Grada, located within a small town Ivani\u0107 Grad, near the area where first beavers were released into the wild. The beavers were adopted so passionately by the locals of the town, that they are now interwoven with almost all of its public life, presenting a perfect example of a possible peaceful coexistence between man and beaver.<\/p><p>The beaver is returning to a significantly modified human environment: in the last century Europe alone, we managed to destroy between 50 and 90 % of wetlands, of which 377.000 km<sup>2\u00a0<\/sup>were used for new agricultural areas. In light of the current climate change, we can therefore already feel the effects that these impacts of missing habitat have on our environment. We can ask ourselves, whether it will be possible to retain the natural water flow in our landscape and keep it clean from various harming pollutants with which human civilisation is burdening it with? How will we prevent, or at least reduce, the flooding events and erosion and establish CO2 sinks, how are we going to stop the devastating drop in species biodiversity in our predominant environments? The beaver can help us with these difficult tasks at hand, but we first need to familiarise ourselves with this vaguely known species in detail and understand its ecology, which is one of the main goals of this project. The experts are estimating the value of the ecosystem services, which wetlands are providing us with, to be at least 16.000 \u20ac\/ha\/year. About 150 km<sup>2<\/sup>\u00a0of wetlands can purify estimated 32 million m<sup>3<\/sup>\u00a0of water per year. Wetlands, which are created or maintained by beaver, can locally have even higher value. An area of 150 km<sup>2<\/sup>\u00a0of wetlands can purify 32 million m<sup>3<\/sup>\u00a0water per year. All these extensive wetland areas can be maintained and expanded for free by an army of 100.000 ecosystem engineers \u2013 beavers.\u00a0 With the help of one of our project partners, the Forestry Institute of Slovenia, who has much expertise with data modelling, it will be possible to estimate the value of the ecosystem and beaver functions. Based on these assessments, we will also be able to create a model of potential spread of the beaver population, to understand where its natural limits lie.<\/p><p>We will try to avoid from putting too much emphasis on comparing the pros and cons of various animal groups in educational and awareness raising tasks included in this project. This way, we will prevent utilitarian thinking, where only the maximisation of species benefit in the ecosystem is sought after. Thinking about natural impacts beaver causes with its key engineering behaviour in aquatic ecosystems, will be shared amongst widest of audience. Particularly, we will direct it towards various target groups, which have most contact with the beaver: farmers, foresters, land owners, water managers, fishermen and hunters. We will also try to have an influence on agriculture, water management and environmental politics. In this light, we will also test how the system for \u00bbdamage\u00ab evaluation of wild animal activities and compensation scheme assessment works. Requests for financial damage compensation, which beaver causes in Slovenia, are on the increase with every passing year. Will the beaver, whom we drove to the edge of extinction and destroyed most of its living environment, also send us a bill for damage compensation? When will we discover that the main damage, we are causing, is really to ourselves and that the beaver can only help us reverse it?<\/p><p>Unknowingly, the beaver acts in its natural aquatic environment according to the various European environmental legislation and contributes to its goals: Habitats Directive, Water Framework Directive, Floods Directive, Nitrate Directive, Drinking Water Directive, Environmental Liability Directive \u2026, it also importantly contributes to the goals of the EU Biodiversity Strategy and acts in the direction towards environmental change adaptation.\u00a0 Therefore, now is the time for people to adapt to the changes brought about to our landscape by the beaver and not the other way around.\u00a0 Us, project partners, will do everything we can for the returning beaver to be also accepted by the people living along riparian habitats of Slovenia and Croatia. We will especially be pleased, if our project results can also help our neighbouring countries, where beaver already inhabits, or where it can spread further using natural pathways. Therefore, we can proudly say that LIFE BEAVER project welcomes the beaver\u2019s return.<\/p>\t\t\t\t\t\t\t\t<\/div>\n\t\t\t\t<\/div>\n\t\t\t\t\t<\/div>\n\t\t<\/div>\n\t\t\t\t\t<\/div>\n\t\t<\/section>\n\t\t\t\t<\/div>\n\t\t","protected":false},"excerpt":{"rendered":"<p>Project acronym: LIFE BEAVERProject reference: LIFE19 GIE\/SI\/001111Year of financing: 2019Priority area: Environmental Governance &amp; InformationProject title (SL): \u017diveti z bobrom, mokri\u0161\u010di in podnebnimi spremembamiProject title (ENG): LIFE with the beaver, wetlands and climate&hellip;<\/p>\n","protected":false},"author":1,"featured_media":0,"parent":0,"menu_order":0,"comment_status":"closed","ping_status":"closed","template":"","meta":{"footnotes":""},"class_list":["post-75","page","type-page","status-publish","hentry"],"_links":{"self":[{"href":"https:\/\/life-beaver.eu\/en\/wp-json\/wp\/v2\/pages\/75","targetHints":{"allow":["GET"]}}],"collection":[{"href":"https:\/\/life-beaver.eu\/en\/wp-json\/wp\/v2\/pages"}],"about":[{"href":"https:\/\/life-beaver.eu\/en\/wp-json\/wp\/v2\/types\/page"}],"author":[{"embeddable":true,"href":"https:\/\/life-beaver.eu\/en\/wp-json\/wp\/v2\/users\/1"}],"replies":[{"embeddable":true,"href":"https:\/\/life-beaver.eu\/en\/wp-json\/wp\/v2\/comments?post=75"}],"version-history":[{"count":20,"href":"https:\/\/life-beaver.eu\/en\/wp-json\/wp\/v2\/pages\/75\/revisions"}],"predecessor-version":[{"id":10297,"href":"https:\/\/life-beaver.eu\/en\/wp-json\/wp\/v2\/pages\/75\/revisions\/10297"}],"wp:attachment":[{"href":"https:\/\/life-beaver.eu\/en\/wp-json\/wp\/v2\/media?parent=75"}],"curies":[{"name":"wp","href":"https:\/\/api.w.org\/{rel}","templated":true}]}}