{"id":6961,"date":"2023-07-18T09:02:37","date_gmt":"2023-07-18T08:02:37","guid":{"rendered":"https:\/\/life-beaver.eu\/?page_id=6961"},"modified":"2023-07-30T17:55:48","modified_gmt":"2023-07-30T16:55:48","slug":"beaver-protection-and-management-in-slovenia","status":"publish","type":"page","link":"https:\/\/life-beaver.eu\/en\/about-beaver\/beaver-protection-and-management-in-slovenia\/","title":{"rendered":"Beaver protection and management in Slovenia"},"content":{"rendered":"\t\t<div data-elementor-type=\"wp-page\" data-elementor-id=\"6961\" class=\"elementor elementor-6961 elementor-6506\">\n\t\t\t\t\t\t<section class=\"elementor-section elementor-top-section elementor-element elementor-element-6e780866 elementor-section-boxed elementor-section-height-default elementor-section-height-default\" data-id=\"6e780866\" data-element_type=\"section\">\n\t\t\t\t\t\t<div class=\"elementor-container elementor-column-gap-extended\">\n\t\t\t\t\t<div class=\"elementor-column elementor-col-100 elementor-top-column elementor-element elementor-element-2d2d507 sc_inner_width_none sc_content_align_inherit sc_layouts_column_icons_position_left\" data-id=\"2d2d507\" data-element_type=\"column\">\n\t\t\t<div class=\"elementor-widget-wrap elementor-element-populated\">\n\t\t\t\t\t\t<div class=\"elementor-element elementor-element-6492c2 sc_fly_static elementor-widget elementor-widget-heading\" data-id=\"6492c2\" data-element_type=\"widget\" data-widget_type=\"heading.default\">\n\t\t\t\t<div class=\"elementor-widget-container\">\n\t\t\t\t\t<h4 class=\"elementor-heading-title elementor-size-default\">BEAVER IN LEGISLATION, REGULATIONS AND MANAGEMENT PROGRAMS <\/h4>\t\t\t\t<\/div>\n\t\t\t\t<\/div>\n\t\t\t\t\t<\/div>\n\t\t<\/div>\n\t\t\t\t\t<\/div>\n\t\t<\/section>\n\t\t\t\t<section class=\"elementor-section elementor-top-section elementor-element elementor-element-277b7a9e elementor-section-boxed elementor-section-height-default elementor-section-height-default\" data-id=\"277b7a9e\" data-element_type=\"section\">\n\t\t\t\t\t\t<div class=\"elementor-container elementor-column-gap-extended\">\n\t\t\t\t\t<div class=\"elementor-column elementor-col-100 elementor-top-column elementor-element elementor-element-6a6c8c95 sc_inner_width_none sc_content_align_inherit sc_layouts_column_icons_position_left\" data-id=\"6a6c8c95\" data-element_type=\"column\">\n\t\t\t<div class=\"elementor-widget-wrap elementor-element-populated\">\n\t\t\t\t\t\t<div class=\"elementor-element elementor-element-7f616452 elementor-widget-divider--view-line sc_fly_static elementor-widget elementor-widget-divider\" data-id=\"7f616452\" data-element_type=\"widget\" data-widget_type=\"divider.default\">\n\t\t\t\t<div class=\"elementor-widget-container\">\n\t\t\t\t\t\t\t<div class=\"elementor-divider\">\n\t\t\t<span class=\"elementor-divider-separator\">\n\t\t\t\t\t\t<\/span>\n\t\t<\/div>\n\t\t\t\t\t\t<\/div>\n\t\t\t\t<\/div>\n\t\t\t\t\t<\/div>\n\t\t<\/div>\n\t\t\t\t\t<\/div>\n\t\t<\/section>\n\t\t\t\t<section class=\"elementor-section elementor-top-section elementor-element elementor-element-6bd3c9d4 elementor-section-boxed elementor-section-height-default elementor-section-height-default\" data-id=\"6bd3c9d4\" data-element_type=\"section\">\n\t\t\t\t\t\t<div class=\"elementor-container elementor-column-gap-extended\">\n\t\t\t\t\t<div class=\"elementor-column elementor-col-100 elementor-top-column elementor-element elementor-element-7360347b sc_inner_width_none sc_content_align_inherit sc_layouts_column_icons_position_left\" data-id=\"7360347b\" data-element_type=\"column\">\n\t\t\t<div class=\"elementor-widget-wrap elementor-element-populated\">\n\t\t\t\t\t\t<div class=\"elementor-element elementor-element-79b9305a sc_fly_static elementor-widget elementor-widget-spacer\" data-id=\"79b9305a\" data-element_type=\"widget\" data-widget_type=\"spacer.default\">\n\t\t\t\t<div class=\"elementor-widget-container\">\n\t\t\t\t\t\t\t<div class=\"elementor-spacer\">\n\t\t\t<div class=\"elementor-spacer-inner\"><\/div>\n\t\t<\/div>\n\t\t\t\t\t\t<\/div>\n\t\t\t\t<\/div>\n\t\t\t\t\t<\/div>\n\t\t<\/div>\n\t\t\t\t\t<\/div>\n\t\t<\/section>\n\t\t\t\t<section class=\"elementor-section elementor-top-section elementor-element elementor-element-4f09961f elementor-section-boxed elementor-section-height-default elementor-section-height-default\" data-id=\"4f09961f\" data-element_type=\"section\">\n\t\t\t\t\t\t<div class=\"elementor-container elementor-column-gap-extended\">\n\t\t\t\t\t<div class=\"elementor-column elementor-col-100 elementor-top-column elementor-element elementor-element-44a747d8 sc_inner_width_none sc_content_align_inherit sc_layouts_column_icons_position_left\" data-id=\"44a747d8\" data-element_type=\"column\">\n\t\t\t<div class=\"elementor-widget-wrap elementor-element-populated\">\n\t\t\t\t\t\t<div class=\"elementor-element elementor-element-1a3b2050 sc_fly_static elementor-widget elementor-widget-toggle\" data-id=\"1a3b2050\" data-element_type=\"widget\" data-widget_type=\"toggle.default\">\n\t\t\t\t<div class=\"elementor-widget-container\">\n\t\t\t\t\t\t\t<div class=\"elementor-toggle\">\n\t\t\t\t\t\t\t<div class=\"elementor-toggle-item\">\n\t\t\t\t\t<div id=\"elementor-tab-title-4401\" class=\"elementor-tab-title\" data-tab=\"1\" role=\"button\" aria-controls=\"elementor-tab-content-4401\" aria-expanded=\"false\">\n\t\t\t\t\t\t\t\t\t\t\t\t<span class=\"elementor-toggle-icon elementor-toggle-icon-left\" aria-hidden=\"true\">\n\t\t\t\t\t\t\t\t\t\t\t\t\t\t\t<span class=\"elementor-toggle-icon-closed\"><i class=\"fas fa-caret-right\"><\/i><\/span>\n\t\t\t\t\t\t\t\t<span class=\"elementor-toggle-icon-opened\"><i class=\"elementor-toggle-icon-opened fas fa-caret-up\"><\/i><\/span>\n\t\t\t\t\t\t\t\t\t\t\t\t\t<\/span>\n\t\t\t\t\t\t\t\t\t\t\t\t<a class=\"elementor-toggle-title\" tabindex=\"0\">Beaver in Environmental Law and Regulations<\/a>\n\t\t\t\t\t<\/div>\n\n\t\t\t\t\t<div id=\"elementor-tab-content-4401\" class=\"elementor-tab-content elementor-clearfix\" data-tab=\"1\" role=\"region\" aria-labelledby=\"elementor-tab-title-4401\"><p>The Eurasian beaver (<em>Castor fiber<\/em>) is protected by the European Habitat Directive (COUNCIL DIRECTIVE 92\/43\/EEC), it is included in Appendices II and IV (Appendix V applies to Finland and Sweden). Appendix II means that it is a species of community interest, for the preservation of which special conservation areas (the so-called Natura 2000 areas) must be designated. Appendix IV means an animal species of community interest that must be strictly protected.<\/p><p>In Slovenia, the beaver is protected by the <em>Regulation on Protected Wild Animal Species (Official Gazette of the Republic of Slovenia, no. 46\/04, 109\/04, 84\/05, 115\/07, 32\/08 &#8211; odl. US, 96\/08, 36\/<\/em><em> 09, 102\/11, 15\/14, 64\/16 and 62\/19)<\/em>, where it is included in Annex 1 (as a species whose animals are protected), in Annex 2 (as a species whose habitats are protected) and in Annex 6 (as a species subject to environmental liability). The beaver&#8217;s habitat, breeding grounds and resting places are also subject to environmental responsibility.<\/p><div class=\"lRu31\"><span class=\"HwtZe\" lang=\"en\"><span class=\"jCAhz ChMk0b\"><span class=\"ryNqvb\">In Slovenia, beaver is a qualifying species for the following Natura 2000 areas: Dobli\u010dica, Drava, Krakovski gozd, Krka with its tributaries, Mura and Zgornja Drava with its tributaries.<\/span><\/span><\/span><\/div><div class=\"UdTY9 WdefRb\" aria-hidden=\"true\" data-location=\"2\">\u00a0<\/div><p>Beaver is also included in the Slovenian Natura 2000 Area Management Program (<a href=\"https:\/\/natura2000.gov.si\/natura-2000\/natura-2000-v-sloveniji\/program-upravljanja\/\">PUN<\/a>), which defines specific goals and measures for individual qualifying species of Natura areas. For all of the listed Natura areas where the beaver is a qualifying species, the management goal is to determine the size of the beaver population and its habitat through monitoring and to prepare a beaver conservation strategy. Another goal is to investigate its population size as a function of habitat characteristics.<\/p><p>In addition, the conservation goals and measures for the protection of beavers in Natura areas include the preservation of riparian woody vegetation, the restoration of river connectivity prevented by artificial dams and barriers, the restoration of habitat without non-native invasive plant species, and for the Natura 2000 area Krakovski gozd also preservation of the lowland flood forest.<\/p><p>The beaver is also indirectly protected by Article 84 of the Slovenian Water Act (Official Gazette of the Republic of Slovenia, no. 67\/02, 2\/04 \u2013 ZZdrI-A, 41\/04 \u2013 ZVO-1, 57\/08, 57\/12, 100\/13, 40\/14, 56\/15 and 65\/20), which stipulates that activities and spatial interventions that could prevent the existence and reproduction of aquatic and riparian organisms are prohibited on water and coastal land.<\/p><p>In Slovenia, the beaver is also listed on the Red List of Endangered Plant and Animal Species (Official List of the Republic of Slovenia, no. 82\/02 and 42\/10), where it is listed as an extinct species (Ex), while the newly established population is listed as endangered ( E).<\/p><p>The international IUCN Red List globally places the Eurasian beaver in the category of least concern species (LC &#8211; least concern).<\/p><\/div>\n\t\t\t\t<\/div>\n\t\t\t\t\t\t\t<div class=\"elementor-toggle-item\">\n\t\t\t\t\t<div id=\"elementor-tab-title-4402\" class=\"elementor-tab-title\" data-tab=\"2\" role=\"button\" aria-controls=\"elementor-tab-content-4402\" aria-expanded=\"false\">\n\t\t\t\t\t\t\t\t\t\t\t\t<span class=\"elementor-toggle-icon elementor-toggle-icon-left\" aria-hidden=\"true\">\n\t\t\t\t\t\t\t\t\t\t\t\t\t\t\t<span class=\"elementor-toggle-icon-closed\"><i class=\"fas fa-caret-right\"><\/i><\/span>\n\t\t\t\t\t\t\t\t<span class=\"elementor-toggle-icon-opened\"><i class=\"elementor-toggle-icon-opened fas fa-caret-up\"><\/i><\/span>\n\t\t\t\t\t\t\t\t\t\t\t\t\t<\/span>\n\t\t\t\t\t\t\t\t\t\t\t\t<a class=\"elementor-toggle-title\" tabindex=\"0\">Damage compensation scheme and system <\/a>\n\t\t\t\t\t<\/div>\n\n\t\t\t\t\t<div id=\"elementor-tab-content-4402\" class=\"elementor-tab-content elementor-clearfix\" data-tab=\"2\" role=\"region\" aria-labelledby=\"elementor-tab-title-4402\"><p><span class=\"jCAhz ChMk0b\"><span class=\"ryNqvb\">The beaver has been spreading throughout Slovenia in recent years, and the number of reported damage cases has been increasing accordingly.<\/span><\/span> <span class=\"jCAhz ChMk0b\"><span class=\"ryNqvb\">Recorded damages are mainly in agriculture and fruit production, as well as material damage (fallen forest trees) and damage to fodder production.<\/span><\/span><\/p><p><span class=\"jCAhz ChMk0b\"><span class=\"ryNqvb\">With the LIFE Beaver project, we intend to demonstrate that fields and orchards can be protected from beavers in a <strong>relatively simple way.<\/strong><\/span><\/span> <span class=\"jCAhz ChMk0b\"><span class=\"ryNqvb\">Unwanted floods can also be prevented either by appropriately lowering the beaver dam or by inserting a flow pipe into the dam.<\/span><\/span><\/p><p><span class=\"jCAhz ChMk0b\"><span class=\"ryNqvb\">However, it is also very important <strong>to <span style=\"font-size: 1rem;\">respect the integrity of<\/span> the coastal zones<\/strong>, <\/span><\/span><span class=\"jCAhz ChMk0b\" style=\"font-size: 1rem;\"><span class=\"ryNqvb\">as stipulated in Article 37 of the Water Act, and <strong>not interfere with these areas with our activities<\/strong>.<\/span><\/span> <span class=\"jCAhz ChMk0b\" style=\"font-size: 1rem;\"><span class=\"ryNqvb\">The coastal strip along the streams is <strong>5 m wide<\/strong> (measured from the edge of the bank) and <strong>15 m wide<\/strong> in the case of rivers (<strong>40 m<\/strong> outside settlements).<\/span><\/span><\/p><p><span class=\"jCAhz ChMk0b\"><span class=\"ryNqvb\">In accordance with Articles 92 and 93 of the Nature Conservation Act (Official Gazette of the Republic of Slovenia, No. 96\/04 &#8211; official consolidated text, <a href=\"http:\/\/www.uradni-list.si\/1\/objava.jsp?sop=2006-01-2567\">61\/06 &#8211; ZDru-1, 8<\/a>) <\/span><\/span><span class=\"jCAhz ChMk0b\"><span class=\"ryNqvb\">and the provisions of the Game and Hunting Act (Official Gazette of the RS, No. 16\/04, 120<\/span><\/span> <span class=\"jCAhz ChMk0b\"><span class=\"ryNqvb\">\/06 &#8211; dec US, 17\/08, 46\/14 &#8211; ZON-C, 31\/18, 65\/20 and 97\/20 &#8211; appr.) <strong>compensations are paid for the damage caused by protected animal species.<\/strong><\/span><\/span><\/p><div class=\"lRu31\"><span class=\"HwtZe\" lang=\"en\"><span class=\"jCAhz ChMk0b\"><span class=\"ryNqvb\"><strong>The Ministry of Natural Resources and Spatial Planning<\/strong> is responsible for <strong>compensation<\/strong> for damage caused by protected species of animals, including the beaver.<\/span><\/span> C<span class=\"jCAhz ChMk0b\"><span class=\"ryNqvb\">laims for compensation are asserted according to the procedure (similar to the cases of damage by the large carnivores). <strong>Claims for compensation<\/strong> must be asserted through the <strong>Department for Forest Animals and Hunting<\/strong> at the authorized representative of the Ministry, <strong>the Slovenia Forest Service (ZGS)<\/strong>, which is responsible for establishing the facts regarding damage caused by protected animal species<\/span><\/span><span class=\"jCAhz ChMk0b\"><span class=\"ryNqvb\">.<\/span><\/span><\/span><\/div><div class=\"UdTY9 WdefRb\" aria-hidden=\"true\" data-location=\"2\">\u00a0<\/div><p><span class=\"jCAhz ChMk0b\"><span class=\"ryNqvb\">However, <strong>damage compensation is paid only if the property has previously been secured with suitable protective measures<\/strong> (see Articles 92 and 93 of the Nature Conservation Act).<\/span><\/span> <span class=\"jCAhz ChMk0b\"><span class=\"ryNqvb\">Both the conditions for the payment of compensation and the appropriate methods of property protection are defined in the <em>Rulebook on suitable methods of property protection and types of measures to prevent further damage to property (Official Gazette of the Republic of Slovenia, No. 74\/05)<\/em> and the <em>Guidelines for actions in matters of enforcing compensation claims for<\/em><\/span><\/span> <span class=\"jCAhz ChMk0b\"><span class=\"ryNqvb\"><em>damage caused by animals of protected wild species (last amendment no. 007-124\/2015 dated 5 March 2015<\/em>).<\/span><\/span><\/p><p><u>DAMAGE REPORTING AND COMPENSATION ENFORCEMENT PROCEDURE:<\/u><\/p><ul><li>A written report of damage must be sent to the Slovenia Forest Service (ZGS) within THREE DAYS of the occurrence of the damage.<\/li><li><span class=\"jCAhz ChMk0b\"><span class=\"ryNqvb\">An authorized person must come to the scene of the event within TWO DAYS after the damage report and make a record of the damage.<\/span><\/span> <span class=\"jCAhz ChMk0b\"><span class=\"ryNqvb\">The ZGS representative and the person suffering damage can also invite other participants to the meeting.<\/span><\/span><\/li><li><span class=\"jCAhz ChMk0b\"><span class=\"ryNqvb\">On the basis of examination the site of the damage event, the ZGS official and the person suffering damage can reach an agreement on the amount of compensation paid (up to the amount determined by the damage assessment scale, or at most up to the amount determined in the Compendium of Market Purchase Prices of Agricultural Products<\/span><\/span><span class=\"jCAhz ChMk0b\"><span class=\"ryNqvb\">) and sign the agreement. The agreement must be reached<\/span><\/span> <span class=\"jCAhz ChMk0b\"><span class=\"ryNqvb\">immediately or within EIGHT DAYS from reporting the damage, <\/span><\/span><span class=\"jCAhz ChMk0b\"><span class=\"ryNqvb\">The Ministry of Natural Resources and Spatial Planning is responsible for reviewing claims and deciding on compensation payment for the damage.<\/span><\/span><\/li><li><div class=\"lRu31\"><span class=\"HwtZe\" lang=\"en\"><span class=\"jCAhz ChMk0b\"><span class=\"ryNqvb\">In the case of other material damages, which are not determined by the previously mentioned damage assessment scale, a mutual agreement upon compensation up to the amount of EUR 450 can be reached between the ZGS representative and the person suffering damage alone.<\/span><\/span><\/span><\/div><\/li><li>If the authorized person and the person suffering damage cannot agree upon the compensation, the injured party can submit a compensation claim to the Ministry within 30 days with additional justification (using the form Application for payment of compensation due to damage caused by animals of protected wildlife species.)<\/li><\/ul><p>More on this topic:\u00a0<\/p><p><span style=\"color: #ff9900;\"><a style=\"font-size: 16px; background-color: #ffffff; color: #ff9900;\" href=\"https:\/\/www.gov.si\/zbirke\/storitve\/odskodnina-za-skodo-na-premozenju-zaradi-zavarovane-vrste-zivali-rjavi-medved-volk\/\">Od\u0161kodnina za \u0161kodo na premo\u017eenju zaradi zavarovane vrste \u017eivali (rjavi medved, volk, in drugi) | GOV.SI<\/a><\/span><\/p><p><span style=\"color: #ff9900;\"><a style=\"color: #ff9900;\" href=\"https:\/\/www.varna-pasa.si\/\">Domov &#8211; Varna pa\u0161a (varna-pasa.si)<\/a><\/span><\/p><\/div>\n\t\t\t\t<\/div>\n\t\t\t\t\t\t\t<div class=\"elementor-toggle-item\">\n\t\t\t\t\t<div id=\"elementor-tab-title-4403\" class=\"elementor-tab-title\" data-tab=\"3\" role=\"button\" aria-controls=\"elementor-tab-content-4403\" aria-expanded=\"false\">\n\t\t\t\t\t\t\t\t\t\t\t\t<span class=\"elementor-toggle-icon elementor-toggle-icon-left\" aria-hidden=\"true\">\n\t\t\t\t\t\t\t\t\t\t\t\t\t\t\t<span class=\"elementor-toggle-icon-closed\"><i class=\"fas fa-caret-right\"><\/i><\/span>\n\t\t\t\t\t\t\t\t<span class=\"elementor-toggle-icon-opened\"><i class=\"elementor-toggle-icon-opened fas fa-caret-up\"><\/i><\/span>\n\t\t\t\t\t\t\t\t\t\t\t\t\t<\/span>\n\t\t\t\t\t\t\t\t\t\t\t\t<a class=\"elementor-toggle-title\" tabindex=\"0\">Beaver management and monitoring in Slovenia<\/a>\n\t\t\t\t\t<\/div>\n\n\t\t\t\t\t<div id=\"elementor-tab-content-4403\" class=\"elementor-tab-content elementor-clearfix\" data-tab=\"3\" role=\"region\" aria-labelledby=\"elementor-tab-title-4403\"><p>In Slovenia, we do not yet have a valid strategy for the management of beavers.<\/p><p>The expert standing for the conservation and sustainable management of beavers in Slovenia has already been prepared by the Institute of the Republic of Slovenia for Nature Conservation, in agreement with the Ministry of Natural Resources and Spatial Planning.<\/p><p><span class=\"jCAhz ChMk0b\"><span class=\"ryNqvb\">Monitoring of the beaver and its habitat in Slovenia is implemented by the LUTRA Institute and financed by the Ministry of Natural Resources and Spatial Planning.<\/span><\/span> <span class=\"jCAhz ChMk0b\"><span class=\"ryNqvb\">It is two-seasonal; it started in the 2022\/2023 season and will finish in the 2023\/2024 season.<\/span><\/span><\/p><\/div>\n\t\t\t\t<\/div>\n\t\t\t\t\t\t\t\t<\/div>\n\t\t\t\t\t\t<\/div>\n\t\t\t\t<\/div>\n\t\t\t\t\t<\/div>\n\t\t<\/div>\n\t\t\t\t\t<\/div>\n\t\t<\/section>\n\t\t\t\t<section class=\"elementor-section elementor-top-section elementor-element elementor-element-5db1c6bc elementor-section-boxed elementor-section-height-default elementor-section-height-default\" data-id=\"5db1c6bc\" data-element_type=\"section\">\n\t\t\t\t\t\t<div class=\"elementor-container elementor-column-gap-extended\">\n\t\t\t\t\t<div class=\"elementor-column elementor-col-100 elementor-top-column elementor-element elementor-element-2e51feaa sc_inner_width_none sc_content_align_inherit sc_layouts_column_icons_position_left\" data-id=\"2e51feaa\" data-element_type=\"column\">\n\t\t\t<div class=\"elementor-widget-wrap elementor-element-populated\">\n\t\t\t\t\t\t<div class=\"elementor-element elementor-element-2b1fcc0b sc_fly_static elementor-widget elementor-widget-spacer\" data-id=\"2b1fcc0b\" data-element_type=\"widget\" data-widget_type=\"spacer.default\">\n\t\t\t\t<div class=\"elementor-widget-container\">\n\t\t\t\t\t\t\t<div class=\"elementor-spacer\">\n\t\t\t<div class=\"elementor-spacer-inner\"><\/div>\n\t\t<\/div>\n\t\t\t\t\t\t<\/div>\n\t\t\t\t<\/div>\n\t\t\t\t\t<\/div>\n\t\t<\/div>\n\t\t\t\t\t<\/div>\n\t\t<\/section>\n\t\t\t\t<\/div>\n\t\t","protected":false},"excerpt":{"rendered":"<p>BEAVER IN LEGISLATION, REGULATIONS AND MANAGEMENT PROGRAMS Beaver in Environmental Law and Regulations The Eurasian beaver (Castor fiber) is protected by the European Habitat Directive (COUNCIL DIRECTIVE 92\/43\/EEC), it is included in Appendices&hellip;<\/p>\n","protected":false},"author":1,"featured_media":0,"parent":1281,"menu_order":0,"comment_status":"closed","ping_status":"closed","template":"","meta":{"footnotes":""},"class_list":["post-6961","page","type-page","status-publish","hentry"],"_links":{"self":[{"href":"https:\/\/life-beaver.eu\/en\/wp-json\/wp\/v2\/pages\/6961","targetHints":{"allow":["GET"]}}],"collection":[{"href":"https:\/\/life-beaver.eu\/en\/wp-json\/wp\/v2\/pages"}],"about":[{"href":"https:\/\/life-beaver.eu\/en\/wp-json\/wp\/v2\/types\/page"}],"author":[{"embeddable":true,"href":"https:\/\/life-beaver.eu\/en\/wp-json\/wp\/v2\/users\/1"}],"replies":[{"embeddable":true,"href":"https:\/\/life-beaver.eu\/en\/wp-json\/wp\/v2\/comments?post=6961"}],"version-history":[{"count":25,"href":"https:\/\/life-beaver.eu\/en\/wp-json\/wp\/v2\/pages\/6961\/revisions"}],"predecessor-version":[{"id":7066,"href":"https:\/\/life-beaver.eu\/en\/wp-json\/wp\/v2\/pages\/6961\/revisions\/7066"}],"up":[{"embeddable":true,"href":"https:\/\/life-beaver.eu\/en\/wp-json\/wp\/v2\/pages\/1281"}],"wp:attachment":[{"href":"https:\/\/life-beaver.eu\/en\/wp-json\/wp\/v2\/media?parent=6961"}],"curies":[{"name":"wp","href":"https:\/\/api.w.org\/{rel}","templated":true}]}}